{"id":39132,"date":"2026-02-24T11:18:17","date_gmt":"2026-02-24T10:18:17","guid":{"rendered":"https:\/\/imprimeideas.es\/?post_type=product&p=39132"},"modified":"2026-02-26T18:03:13","modified_gmt":"2026-02-26T17:03:13","slug":"reloj-multifuncion-fabirt","status":"publish","type":"product","link":"https:\/\/imprimeideas.es\/en\/product\/reloj-multifuncion-fabirt\/","title":{"rendered":"Reloj Multifunci\u00f3n Fabirt"},"content":{"rendered":"<p>Reloj multifunci\u00f3n de elegante dise\u00f1o en color blanco con cargador inal\u00e1mbrico de 10W integrado y l\u00e1mpara led integrada. Con funci\u00f3n fecha\/hora, alarma y l\u00e1mpara de 36 ledes con intensidad de luz regulable. Conexi\u00f3n USB, con cable Tipo C incluido de 100 cm y alimentaci\u00f3n auxiliar a pilas de bot\u00f3n (incluida). Compatible con dispositivos equipados con tecnolog\u00eda de carga inal\u00e1mbrica. Presentado en atractiva caja de dise\u00f1o.En cumplimiento con los requisitos de seguridad: Sistema de protecci\u00f3n contra sobrecalentamiento. Sistema de protecci\u00f3n contra sobrecarga.<\/p>","protected":false},"excerpt":{"rendered":"<p>L\u00e1mpara 36 Ledes. Intensidad de Luz Regulable. Cargador Inal\u00e1mbrico 10W. Conexi\u00f3n USB<\/p>","protected":false},"featured_media":69033,"comment_status":"open","ping_status":"open","template":"","meta":{"inline_featured_image":false},"product_brand":[],"product_cat":[104,95],"product_tag":[],"class_list":{"0":"post-39132","1":"product","2":"type-product","3":"status-publish","4":"has-post-thumbnail","6":"product_cat-hogar-y-decoracion","7":"product_cat-tecnologia-y-accesorios","9":"first","10":"instock","11":"taxable","12":"shipping-taxable","13":"purchasable","14":"product-type-variable","15":"has-default-attributes"},"aioseo_notices":[],"_links":{"self":[{"href":"https:\/\/imprimeideas.es\/en\/wp-json\/wp\/v2\/product\/39132","targetHints":{"allow":["GET"]}}],"collection":[{"href":"https:\/\/imprimeideas.es\/en\/wp-json\/wp\/v2\/product"}],"about":[{"href":"https:\/\/imprimeideas.es\/en\/wp-json\/wp\/v2\/types\/product"}],"replies":[{"embeddable":true,"href":"https:\/\/imprimeideas.es\/en\/wp-json\/wp\/v2\/comments?post=39132"}],"version-history":[{"count":1,"href":"https:\/\/imprimeideas.es\/en\/wp-json\/wp\/v2\/product\/39132\/revisions"}],"predecessor-version":[{"id":54159,"href":"https:\/\/imprimeideas.es\/en\/wp-json\/wp\/v2\/product\/39132\/revisions\/54159"}],"wp:featuredmedia":[{"embeddable":true,"href":"https:\/\/imprimeideas.es\/en\/wp-json\/wp\/v2\/media\/69033"}],"wp:attachment":[{"href":"https:\/\/imprimeideas.es\/en\/wp-json\/wp\/v2\/media?parent=39132"}],"wp:term":[{"taxonomy":"product_brand","embeddable":true,"href":"https:\/\/imprimeideas.es\/en\/wp-json\/wp\/v2\/product_brand?post=39132"},{"taxonomy":"product_cat","embeddable":true,"href":"https:\/\/imprimeideas.es\/en\/wp-json\/wp\/v2\/product_cat?post=39132"},{"taxonomy":"product_tag","embeddable":true,"href":"https:\/\/imprimeideas.es\/en\/wp-json\/wp\/v2\/product_tag?post=39132"}],"curies":[{"name":"wp","href":"https:\/\/api.w.org\/{rel}","templated":true}]}}