{"id":39125,"date":"2026-02-24T11:18:17","date_gmt":"2026-02-24T10:18:17","guid":{"rendered":"https:\/\/imprimeideas.es\/?post_type=product&p=39125"},"modified":"2026-02-26T18:23:28","modified_gmt":"2026-02-26T17:23:28","slug":"lampara-cargador-sleya","status":"publish","type":"product","link":"https:\/\/imprimeideas.es\/en\/product\/lampara-cargador-sleya\/","title":{"rendered":"L\u00e1mpara Cargador Sleya"},"content":{"rendered":"<p>L\u00e1mpara cargador plegable de l\u00ednea nature. Fabricada en bamb\u00fa procedente de cortes naturales y con base antideslizante. Cargador inal\u00e1mbrico 10W integrado. Incluye 25 LEDs y 3 posiciones de iluminaci\u00f3n (c\u00e1lida, fr\u00eda y media) e intensidad regulable. Incluye temporizador de 1H y 2H para la luz y una salida USB. Compatible con dispositivos m\u00f3viles de carga inal\u00e1mbrica, con cable cargador tipo C y viene presentada en una atractiva caja de dise\u00f1o eco. Disponible manual de instrucciones en espa\u00f1ol e ingl\u00e9s.<\/p>","protected":false},"excerpt":{"rendered":"<p>25 Ledes. Plegable. 3 Posiciones de Luz. Intensidad de Luz Regulable. Conexi\u00f3n USB. Inal\u00e1mbrico 10W. Salida USB<\/p>","protected":false},"featured_media":80381,"comment_status":"open","ping_status":"open","template":"","meta":{"inline_featured_image":false},"product_brand":[],"product_cat":[122,96,95],"product_tag":[],"class_list":{"0":"post-39125","1":"product","2":"type-product","3":"status-publish","4":"has-post-thumbnail","6":"product_cat-articulos-sostenibles","7":"product_cat-oficina-y-negocios","8":"product_cat-tecnologia-y-accesorios","10":"first","11":"instock","12":"taxable","13":"shipping-taxable","14":"purchasable","15":"product-type-variable","16":"has-default-attributes"},"aioseo_notices":[],"_links":{"self":[{"href":"https:\/\/imprimeideas.es\/en\/wp-json\/wp\/v2\/product\/39125","targetHints":{"allow":["GET"]}}],"collection":[{"href":"https:\/\/imprimeideas.es\/en\/wp-json\/wp\/v2\/product"}],"about":[{"href":"https:\/\/imprimeideas.es\/en\/wp-json\/wp\/v2\/types\/product"}],"replies":[{"embeddable":true,"href":"https:\/\/imprimeideas.es\/en\/wp-json\/wp\/v2\/comments?post=39125"}],"version-history":[{"count":1,"href":"https:\/\/imprimeideas.es\/en\/wp-json\/wp\/v2\/product\/39125\/revisions"}],"predecessor-version":[{"id":54156,"href":"https:\/\/imprimeideas.es\/en\/wp-json\/wp\/v2\/product\/39125\/revisions\/54156"}],"wp:featuredmedia":[{"embeddable":true,"href":"https:\/\/imprimeideas.es\/en\/wp-json\/wp\/v2\/media\/80381"}],"wp:attachment":[{"href":"https:\/\/imprimeideas.es\/en\/wp-json\/wp\/v2\/media?parent=39125"}],"wp:term":[{"taxonomy":"product_brand","embeddable":true,"href":"https:\/\/imprimeideas.es\/en\/wp-json\/wp\/v2\/product_brand?post=39125"},{"taxonomy":"product_cat","embeddable":true,"href":"https:\/\/imprimeideas.es\/en\/wp-json\/wp\/v2\/product_cat?post=39125"},{"taxonomy":"product_tag","embeddable":true,"href":"https:\/\/imprimeideas.es\/en\/wp-json\/wp\/v2\/product_tag?post=39125"}],"curies":[{"name":"wp","href":"https:\/\/api.w.org\/{rel}","templated":true}]}}