{"id":39123,"date":"2026-02-24T11:18:16","date_gmt":"2026-02-24T10:18:16","guid":{"rendered":"https:\/\/imprimeideas.es\/?post_type=product&p=39123"},"modified":"2026-02-26T18:23:14","modified_gmt":"2026-02-26T17:23:14","slug":"altavoz-cargador-zaphir","status":"publish","type":"product","link":"https:\/\/imprimeideas.es\/en\/product\/altavoz-cargador-zaphir\/","title":{"rendered":"Altavoz Cargador Zaphir"},"content":{"rendered":"<p>Altavoz cargador inal\u00e1mbrico de inducci\u00f3n, de l\u00ednea nature y carga 10W. Con soporte para smartphone integrado y 2 altavoces de 3W cada uno. Fabricado en bamb\u00fa procedente de cortes naturales, con base antideslizante. Compatible con dispositivos equipados con tecnolog\u00eda de carga inal\u00e1mbrica y recargable mediante cable USB -incluido-. Amplia superficie de marcaje y presentado en atractiva caja de dise\u00f1o eco.<\/p>","protected":false},"excerpt":{"rendered":"<p>Inal\u00e1mbrico 10W. Conexi\u00f3n Inducci\u00f3n. Potencia Sonido 3Wx2. Bater\u00eda 1.200 mAh<\/p>","protected":false},"featured_media":76864,"comment_status":"open","ping_status":"open","template":"","meta":{"inline_featured_image":false},"product_brand":[],"product_cat":[122,95],"product_tag":[],"class_list":{"0":"post-39123","1":"product","2":"type-product","3":"status-publish","4":"has-post-thumbnail","6":"product_cat-articulos-sostenibles","7":"product_cat-tecnologia-y-accesorios","9":"first","10":"instock","11":"taxable","12":"shipping-taxable","13":"purchasable","14":"product-type-variable","15":"has-default-attributes"},"aioseo_notices":[],"_links":{"self":[{"href":"https:\/\/imprimeideas.es\/en\/wp-json\/wp\/v2\/product\/39123","targetHints":{"allow":["GET"]}}],"collection":[{"href":"https:\/\/imprimeideas.es\/en\/wp-json\/wp\/v2\/product"}],"about":[{"href":"https:\/\/imprimeideas.es\/en\/wp-json\/wp\/v2\/types\/product"}],"replies":[{"embeddable":true,"href":"https:\/\/imprimeideas.es\/en\/wp-json\/wp\/v2\/comments?post=39123"}],"version-history":[{"count":1,"href":"https:\/\/imprimeideas.es\/en\/wp-json\/wp\/v2\/product\/39123\/revisions"}],"predecessor-version":[{"id":54155,"href":"https:\/\/imprimeideas.es\/en\/wp-json\/wp\/v2\/product\/39123\/revisions\/54155"}],"wp:featuredmedia":[{"embeddable":true,"href":"https:\/\/imprimeideas.es\/en\/wp-json\/wp\/v2\/media\/76864"}],"wp:attachment":[{"href":"https:\/\/imprimeideas.es\/en\/wp-json\/wp\/v2\/media?parent=39123"}],"wp:term":[{"taxonomy":"product_brand","embeddable":true,"href":"https:\/\/imprimeideas.es\/en\/wp-json\/wp\/v2\/product_brand?post=39123"},{"taxonomy":"product_cat","embeddable":true,"href":"https:\/\/imprimeideas.es\/en\/wp-json\/wp\/v2\/product_cat?post=39123"},{"taxonomy":"product_tag","embeddable":true,"href":"https:\/\/imprimeideas.es\/en\/wp-json\/wp\/v2\/product_tag?post=39123"}],"curies":[{"name":"wp","href":"https:\/\/api.w.org\/{rel}","templated":true}]}}