{"id":39119,"date":"2026-02-24T11:18:16","date_gmt":"2026-02-24T10:18:16","guid":{"rendered":"https:\/\/imprimeideas.es\/?post_type=product&p=39119"},"modified":"2026-02-25T19:52:22","modified_gmt":"2026-02-25T18:52:22","slug":"reloj-multifuncion-islum","status":"publish","type":"product","link":"https:\/\/imprimeideas.es\/en\/product\/reloj-multifuncion-islum\/","title":{"rendered":"Reloj Multifunci\u00f3n Islum"},"content":{"rendered":"<p>Reloj multifunci\u00f3n de l\u00ednea nature, con cargador inal\u00e1mbrico 5W integrado. Fabricado en bamb\u00fa procedente de cortes naturales. Funci\u00f3n fecha y hora, alarma y term\u00f3metro. Alimentaci\u00f3n mediante conexi\u00f3n USB, con cable micro USB y adaptador de pared incluido. Pila de bot\u00f3n incluida que permite guardar los datos en caso de desconexi\u00f3n. Compatible con dispositivos equipados con tecnolog\u00eda de carga inal\u00e1mbrica y presentado en atractiva caja de dise\u00f1o. Disponible manual de instrucciones en espa\u00f1ol e ingl\u00e9s.<\/p>","protected":false},"excerpt":{"rendered":"<p>Cargador Inal\u00e1mbrico 5W. Intensidad de Luz Regulable. Conexi\u00f3n USB<\/p>","protected":false},"featured_media":83276,"comment_status":"open","ping_status":"open","template":"","meta":{"inline_featured_image":false},"product_brand":[],"product_cat":[122,104,95],"product_tag":[],"class_list":{"0":"post-39119","1":"product","2":"type-product","3":"status-publish","4":"has-post-thumbnail","6":"product_cat-articulos-sostenibles","7":"product_cat-hogar-y-decoracion","8":"product_cat-tecnologia-y-accesorios","10":"first","11":"outofstock","12":"taxable","13":"shipping-taxable","14":"purchasable","15":"product-type-variable","16":"has-default-attributes"},"aioseo_notices":[],"_links":{"self":[{"href":"https:\/\/imprimeideas.es\/en\/wp-json\/wp\/v2\/product\/39119","targetHints":{"allow":["GET"]}}],"collection":[{"href":"https:\/\/imprimeideas.es\/en\/wp-json\/wp\/v2\/product"}],"about":[{"href":"https:\/\/imprimeideas.es\/en\/wp-json\/wp\/v2\/types\/product"}],"replies":[{"embeddable":true,"href":"https:\/\/imprimeideas.es\/en\/wp-json\/wp\/v2\/comments?post=39119"}],"version-history":[{"count":1,"href":"https:\/\/imprimeideas.es\/en\/wp-json\/wp\/v2\/product\/39119\/revisions"}],"predecessor-version":[{"id":54153,"href":"https:\/\/imprimeideas.es\/en\/wp-json\/wp\/v2\/product\/39119\/revisions\/54153"}],"wp:featuredmedia":[{"embeddable":true,"href":"https:\/\/imprimeideas.es\/en\/wp-json\/wp\/v2\/media\/83276"}],"wp:attachment":[{"href":"https:\/\/imprimeideas.es\/en\/wp-json\/wp\/v2\/media?parent=39119"}],"wp:term":[{"taxonomy":"product_brand","embeddable":true,"href":"https:\/\/imprimeideas.es\/en\/wp-json\/wp\/v2\/product_brand?post=39119"},{"taxonomy":"product_cat","embeddable":true,"href":"https:\/\/imprimeideas.es\/en\/wp-json\/wp\/v2\/product_cat?post=39119"},{"taxonomy":"product_tag","embeddable":true,"href":"https:\/\/imprimeideas.es\/en\/wp-json\/wp\/v2\/product_tag?post=39119"}],"curies":[{"name":"wp","href":"https:\/\/api.w.org\/{rel}","templated":true}]}}