{"id":39113,"date":"2026-02-24T11:18:15","date_gmt":"2026-02-24T10:18:15","guid":{"rendered":"https:\/\/imprimeideas.es\/?post_type=product&p=39113"},"modified":"2026-02-26T18:37:39","modified_gmt":"2026-02-26T17:37:39","slug":"brazalete-bilbon","status":"publish","type":"product","link":"https:\/\/imprimeideas.es\/en\/product\/brazalete-bilbon\/","title":{"rendered":"Brazalete Bilbon"},"content":{"rendered":"<p>Brazalete deportivo en poli\u00e9ster 210T, fabricado empleando tejido con gran capacidad para reflejar intensamente la luz, gracias a millones de pigmentos reflectantes y bas\u00e1ndose en el principio de la retro-reflexi\u00f3n de la luz, una propiedad de visibilidad nocturna que consiste en la refracci\u00f3n de la luz hacia la fuente de origen de la misma. Bolsillo principal con cierre de cremallera y bolsillo frontal con cierre de velcro. Con tira ajustable el\u00e1stica y resistente al agua.<\/p>","protected":false},"excerpt":{"rendered":"<p>Reflectante<\/p>","protected":false},"featured_media":39676,"comment_status":"open","ping_status":"open","template":"","meta":{"inline_featured_image":false},"product_brand":[],"product_cat":[94],"product_tag":[],"class_list":{"0":"post-39113","1":"product","2":"type-product","3":"status-publish","4":"has-post-thumbnail","6":"product_cat-mochilas","8":"first","9":"outofstock","10":"taxable","11":"shipping-taxable","12":"purchasable","13":"product-type-variable","14":"has-default-attributes"},"aioseo_notices":[],"_links":{"self":[{"href":"https:\/\/imprimeideas.es\/en\/wp-json\/wp\/v2\/product\/39113","targetHints":{"allow":["GET"]}}],"collection":[{"href":"https:\/\/imprimeideas.es\/en\/wp-json\/wp\/v2\/product"}],"about":[{"href":"https:\/\/imprimeideas.es\/en\/wp-json\/wp\/v2\/types\/product"}],"replies":[{"embeddable":true,"href":"https:\/\/imprimeideas.es\/en\/wp-json\/wp\/v2\/comments?post=39113"}],"version-history":[{"count":1,"href":"https:\/\/imprimeideas.es\/en\/wp-json\/wp\/v2\/product\/39113\/revisions"}],"predecessor-version":[{"id":54150,"href":"https:\/\/imprimeideas.es\/en\/wp-json\/wp\/v2\/product\/39113\/revisions\/54150"}],"wp:featuredmedia":[{"embeddable":true,"href":"https:\/\/imprimeideas.es\/en\/wp-json\/wp\/v2\/media\/39676"}],"wp:attachment":[{"href":"https:\/\/imprimeideas.es\/en\/wp-json\/wp\/v2\/media?parent=39113"}],"wp:term":[{"taxonomy":"product_brand","embeddable":true,"href":"https:\/\/imprimeideas.es\/en\/wp-json\/wp\/v2\/product_brand?post=39113"},{"taxonomy":"product_cat","embeddable":true,"href":"https:\/\/imprimeideas.es\/en\/wp-json\/wp\/v2\/product_cat?post=39113"},{"taxonomy":"product_tag","embeddable":true,"href":"https:\/\/imprimeideas.es\/en\/wp-json\/wp\/v2\/product_tag?post=39113"}],"curies":[{"name":"wp","href":"https:\/\/api.w.org\/{rel}","templated":true}]}}