{"id":39111,"date":"2026-02-24T11:18:15","date_gmt":"2026-02-24T10:18:15","guid":{"rendered":"https:\/\/imprimeideas.es\/?post_type=product&p=39111"},"modified":"2026-02-26T18:13:48","modified_gmt":"2026-02-26T17:13:48","slug":"mochila-bayolet","status":"publish","type":"product","link":"https:\/\/imprimeideas.es\/en\/product\/mochila-bayolet\/","title":{"rendered":"Mochila Bayolet"},"content":{"rendered":"<p>Mochila de cuerdas de suave poli\u00e9ster 210T. Fabricada empleando tejido con gran capacidad para reflejar intensamente la luz, gracias a millones de pigmentos reflectantes y bas\u00e1ndose en el principio de la retro-reflexi\u00f3n de la luz, una propiedad de visibilidad nocturna que consiste en la refracci\u00f3n de la luz hacia la fuente de origen de la misma. Con cuerdas autocierre en color negro y argollas met\u00e1licas. Resistencia hasta 7kg de peso y resistente al agua.<\/p>","protected":false},"excerpt":{"rendered":"<p>Reflectante<\/p>","protected":false},"featured_media":65503,"comment_status":"open","ping_status":"open","template":"","meta":{"inline_featured_image":false},"product_brand":[],"product_cat":[94],"product_tag":[],"class_list":{"0":"post-39111","1":"product","2":"type-product","3":"status-publish","4":"has-post-thumbnail","6":"product_cat-mochilas","8":"first","9":"instock","10":"taxable","11":"shipping-taxable","12":"purchasable","13":"product-type-variable","14":"has-default-attributes"},"aioseo_notices":[],"_links":{"self":[{"href":"https:\/\/imprimeideas.es\/en\/wp-json\/wp\/v2\/product\/39111","targetHints":{"allow":["GET"]}}],"collection":[{"href":"https:\/\/imprimeideas.es\/en\/wp-json\/wp\/v2\/product"}],"about":[{"href":"https:\/\/imprimeideas.es\/en\/wp-json\/wp\/v2\/types\/product"}],"replies":[{"embeddable":true,"href":"https:\/\/imprimeideas.es\/en\/wp-json\/wp\/v2\/comments?post=39111"}],"version-history":[{"count":1,"href":"https:\/\/imprimeideas.es\/en\/wp-json\/wp\/v2\/product\/39111\/revisions"}],"predecessor-version":[{"id":54149,"href":"https:\/\/imprimeideas.es\/en\/wp-json\/wp\/v2\/product\/39111\/revisions\/54149"}],"wp:featuredmedia":[{"embeddable":true,"href":"https:\/\/imprimeideas.es\/en\/wp-json\/wp\/v2\/media\/65503"}],"wp:attachment":[{"href":"https:\/\/imprimeideas.es\/en\/wp-json\/wp\/v2\/media?parent=39111"}],"wp:term":[{"taxonomy":"product_brand","embeddable":true,"href":"https:\/\/imprimeideas.es\/en\/wp-json\/wp\/v2\/product_brand?post=39111"},{"taxonomy":"product_cat","embeddable":true,"href":"https:\/\/imprimeideas.es\/en\/wp-json\/wp\/v2\/product_cat?post=39111"},{"taxonomy":"product_tag","embeddable":true,"href":"https:\/\/imprimeideas.es\/en\/wp-json\/wp\/v2\/product_tag?post=39111"}],"curies":[{"name":"wp","href":"https:\/\/api.w.org\/{rel}","templated":true}]}}