{"id":39109,"date":"2026-02-24T11:18:15","date_gmt":"2026-02-24T10:18:15","guid":{"rendered":"https:\/\/imprimeideas.es\/?post_type=product&p=39109"},"modified":"2026-02-26T18:23:14","modified_gmt":"2026-02-26T17:23:14","slug":"rinonera-flaser","status":"publish","type":"product","link":"https:\/\/imprimeideas.es\/en\/product\/rinonera-flaser\/","title":{"rendered":"Ri\u00f1onera Flaser"},"content":{"rendered":"<p>Ri\u00f1onera en resistente poli\u00e9ster 210T. Fabricada empleando tejido con gran capacidad para reflejar intensamente la luz, gracias a millones de pigmentos reflectantes y bas\u00e1ndose en el principio de la retro-reflexi\u00f3n de la luz, una propiedad de visibilidad nocturna que consiste en la refracci\u00f3n de la luz hacia la fuente de origen de la misma. Con bolsillo de cierre de cremallera y cinta con cierre de hebilla ajustable. Dise\u00f1ada para el d\u00eda a d\u00eda y actividades de ocio. Resistente al agua.<\/p>","protected":false},"excerpt":{"rendered":"<p>Reflectante<\/p>","protected":false},"featured_media":70558,"comment_status":"open","ping_status":"open","template":"","meta":{"inline_featured_image":false},"product_brand":[],"product_cat":[94],"product_tag":[],"class_list":{"0":"post-39109","1":"product","2":"type-product","3":"status-publish","4":"has-post-thumbnail","6":"product_cat-mochilas","8":"first","9":"instock","10":"taxable","11":"shipping-taxable","12":"purchasable","13":"product-type-variable","14":"has-default-attributes"},"aioseo_notices":[],"_links":{"self":[{"href":"https:\/\/imprimeideas.es\/en\/wp-json\/wp\/v2\/product\/39109","targetHints":{"allow":["GET"]}}],"collection":[{"href":"https:\/\/imprimeideas.es\/en\/wp-json\/wp\/v2\/product"}],"about":[{"href":"https:\/\/imprimeideas.es\/en\/wp-json\/wp\/v2\/types\/product"}],"replies":[{"embeddable":true,"href":"https:\/\/imprimeideas.es\/en\/wp-json\/wp\/v2\/comments?post=39109"}],"version-history":[{"count":1,"href":"https:\/\/imprimeideas.es\/en\/wp-json\/wp\/v2\/product\/39109\/revisions"}],"predecessor-version":[{"id":54148,"href":"https:\/\/imprimeideas.es\/en\/wp-json\/wp\/v2\/product\/39109\/revisions\/54148"}],"wp:featuredmedia":[{"embeddable":true,"href":"https:\/\/imprimeideas.es\/en\/wp-json\/wp\/v2\/media\/70558"}],"wp:attachment":[{"href":"https:\/\/imprimeideas.es\/en\/wp-json\/wp\/v2\/media?parent=39109"}],"wp:term":[{"taxonomy":"product_brand","embeddable":true,"href":"https:\/\/imprimeideas.es\/en\/wp-json\/wp\/v2\/product_brand?post=39109"},{"taxonomy":"product_cat","embeddable":true,"href":"https:\/\/imprimeideas.es\/en\/wp-json\/wp\/v2\/product_cat?post=39109"},{"taxonomy":"product_tag","embeddable":true,"href":"https:\/\/imprimeideas.es\/en\/wp-json\/wp\/v2\/product_tag?post=39109"}],"curies":[{"name":"wp","href":"https:\/\/api.w.org\/{rel}","templated":true}]}}