{"id":39107,"date":"2026-02-24T11:18:15","date_gmt":"2026-02-24T10:18:15","guid":{"rendered":"https:\/\/imprimeideas.es\/?post_type=product&p=39107"},"modified":"2026-02-26T18:42:38","modified_gmt":"2026-02-26T17:42:38","slug":"bloc-notas-cargador-bein","status":"publish","type":"product","link":"https:\/\/imprimeideas.es\/en\/product\/bloc-notas-cargador-bein\/","title":{"rendered":"Bloc Notas Cargador Bein"},"content":{"rendered":"<p>Bloc de notas cargador de l\u00ednea nature en resistente poli\u00e9ster 300D RPET de tama\u00f1o A5 y elaborado a partir de pl\u00e1stico reciclado, para as\u00ed fomentar la reutilizaci\u00f3n de residuos pl\u00e1sticos y ayudar a la sostenibilidad del planeta. Con cargador inal\u00e1mbrico de 10W integrado en la portada. Incluye 80 hojas con disposici\u00f3n a una raya. Compatible con smartphones con tecnolog\u00eda de carga inal\u00e1mbrica. Incluido cable de carga Tipo C y disponible manual de instrucciones en espa\u00f1ol e ingl\u00e9s.<\/p>","protected":false},"excerpt":{"rendered":"<p>Inal\u00e1mbrico 10W. Portada R\u00edgida. 80 Hojas<\/p>","protected":false},"featured_media":83287,"comment_status":"open","ping_status":"open","template":"","meta":{"inline_featured_image":false},"product_brand":[],"product_cat":[122,96,95],"product_tag":[],"class_list":{"0":"post-39107","1":"product","2":"type-product","3":"status-publish","4":"has-post-thumbnail","6":"product_cat-articulos-sostenibles","7":"product_cat-oficina-y-negocios","8":"product_cat-tecnologia-y-accesorios","10":"first","11":"instock","12":"taxable","13":"shipping-taxable","14":"purchasable","15":"product-type-variable","16":"has-default-attributes"},"aioseo_notices":[],"_links":{"self":[{"href":"https:\/\/imprimeideas.es\/en\/wp-json\/wp\/v2\/product\/39107","targetHints":{"allow":["GET"]}}],"collection":[{"href":"https:\/\/imprimeideas.es\/en\/wp-json\/wp\/v2\/product"}],"about":[{"href":"https:\/\/imprimeideas.es\/en\/wp-json\/wp\/v2\/types\/product"}],"replies":[{"embeddable":true,"href":"https:\/\/imprimeideas.es\/en\/wp-json\/wp\/v2\/comments?post=39107"}],"version-history":[{"count":1,"href":"https:\/\/imprimeideas.es\/en\/wp-json\/wp\/v2\/product\/39107\/revisions"}],"predecessor-version":[{"id":54147,"href":"https:\/\/imprimeideas.es\/en\/wp-json\/wp\/v2\/product\/39107\/revisions\/54147"}],"wp:featuredmedia":[{"embeddable":true,"href":"https:\/\/imprimeideas.es\/en\/wp-json\/wp\/v2\/media\/83287"}],"wp:attachment":[{"href":"https:\/\/imprimeideas.es\/en\/wp-json\/wp\/v2\/media?parent=39107"}],"wp:term":[{"taxonomy":"product_brand","embeddable":true,"href":"https:\/\/imprimeideas.es\/en\/wp-json\/wp\/v2\/product_brand?post=39107"},{"taxonomy":"product_cat","embeddable":true,"href":"https:\/\/imprimeideas.es\/en\/wp-json\/wp\/v2\/product_cat?post=39107"},{"taxonomy":"product_tag","embeddable":true,"href":"https:\/\/imprimeideas.es\/en\/wp-json\/wp\/v2\/product_tag?post=39107"}],"curies":[{"name":"wp","href":"https:\/\/api.w.org\/{rel}","templated":true}]}}