{"id":39097,"date":"2026-02-24T11:18:14","date_gmt":"2026-02-24T10:18:14","guid":{"rendered":"https:\/\/imprimeideas.es\/?post_type=product&p=39097"},"modified":"2026-02-25T19:52:21","modified_gmt":"2026-02-25T18:52:21","slug":"bloc-notas-nibir","status":"publish","type":"product","link":"https:\/\/imprimeideas.es\/en\/product\/bloc-notas-nibir\/","title":{"rendered":"Bloc Notas Nibir"},"content":{"rendered":"<p>Bloc de notas A5 de l\u00ednea nature con funda en fieltro RPETreciclado, fruto de la combinaci\u00f3n del proceso de reciclaje de materiales pl\u00e1sticos junto con la t\u00e9cnica milenaria de fabricaci\u00f3n del fieltro, dando como resultado un material de eco-tendencia que, adem\u00e1s de ser de origen reciclado, tambi\u00e9n se convierte en reciclable.Incluye 100 hojas lisas. Con el\u00e1stico de sujeci\u00f3n, soporte para bol\u00edgrafo y etiqueta RPET en portada.<\/p>","protected":false},"excerpt":{"rendered":"<p>100 Hojas<\/p>","protected":false},"featured_media":84085,"comment_status":"open","ping_status":"open","template":"","meta":{"inline_featured_image":false},"product_brand":[],"product_cat":[122,96],"product_tag":[],"class_list":{"0":"post-39097","1":"product","2":"type-product","3":"status-publish","4":"has-post-thumbnail","6":"product_cat-articulos-sostenibles","7":"product_cat-oficina-y-negocios","9":"first","10":"outofstock","11":"taxable","12":"shipping-taxable","13":"purchasable","14":"product-type-variable","15":"has-default-attributes"},"aioseo_notices":[],"_links":{"self":[{"href":"https:\/\/imprimeideas.es\/en\/wp-json\/wp\/v2\/product\/39097","targetHints":{"allow":["GET"]}}],"collection":[{"href":"https:\/\/imprimeideas.es\/en\/wp-json\/wp\/v2\/product"}],"about":[{"href":"https:\/\/imprimeideas.es\/en\/wp-json\/wp\/v2\/types\/product"}],"replies":[{"embeddable":true,"href":"https:\/\/imprimeideas.es\/en\/wp-json\/wp\/v2\/comments?post=39097"}],"version-history":[{"count":1,"href":"https:\/\/imprimeideas.es\/en\/wp-json\/wp\/v2\/product\/39097\/revisions"}],"predecessor-version":[{"id":54143,"href":"https:\/\/imprimeideas.es\/en\/wp-json\/wp\/v2\/product\/39097\/revisions\/54143"}],"wp:featuredmedia":[{"embeddable":true,"href":"https:\/\/imprimeideas.es\/en\/wp-json\/wp\/v2\/media\/84085"}],"wp:attachment":[{"href":"https:\/\/imprimeideas.es\/en\/wp-json\/wp\/v2\/media?parent=39097"}],"wp:term":[{"taxonomy":"product_brand","embeddable":true,"href":"https:\/\/imprimeideas.es\/en\/wp-json\/wp\/v2\/product_brand?post=39097"},{"taxonomy":"product_cat","embeddable":true,"href":"https:\/\/imprimeideas.es\/en\/wp-json\/wp\/v2\/product_cat?post=39097"},{"taxonomy":"product_tag","embeddable":true,"href":"https:\/\/imprimeideas.es\/en\/wp-json\/wp\/v2\/product_tag?post=39097"}],"curies":[{"name":"wp","href":"https:\/\/api.w.org\/{rel}","templated":true}]}}