{"id":39090,"date":"2026-02-24T11:18:13","date_gmt":"2026-02-24T10:18:13","guid":{"rendered":"https:\/\/imprimeideas.es\/?post_type=product&p=39090"},"modified":"2026-02-26T18:42:39","modified_gmt":"2026-02-26T17:42:39","slug":"tabla-nashary","status":"publish","type":"product","link":"https:\/\/imprimeideas.es\/en\/product\/tabla-nashary\/","title":{"rendered":"Tabla Nashary"},"content":{"rendered":"<p>Tabla de l\u00ednea nature fabricada en bamb\u00fa pulido, ideal para presentaci\u00f3n, con asa para f\u00e1cil manejo y cord\u00f3n para colgar en yute.<\/p>","protected":false},"excerpt":{"rendered":"<p>Tabla de l\u00ednea nature fabricada en bamb\u00fa pulido, ideal para presentaci\u00f3n, con asa para f\u00e1cil manejo y cord\u00f3n para colgar<\/p>","protected":false},"featured_media":73560,"comment_status":"open","ping_status":"open","template":"","meta":{"inline_featured_image":false},"product_brand":[],"product_cat":[122,104],"product_tag":[],"class_list":{"0":"post-39090","1":"product","2":"type-product","3":"status-publish","4":"has-post-thumbnail","6":"product_cat-articulos-sostenibles","7":"product_cat-hogar-y-decoracion","9":"first","10":"outofstock","11":"taxable","12":"shipping-taxable","13":"purchasable","14":"product-type-variable","15":"has-default-attributes"},"aioseo_notices":[],"_links":{"self":[{"href":"https:\/\/imprimeideas.es\/en\/wp-json\/wp\/v2\/product\/39090","targetHints":{"allow":["GET"]}}],"collection":[{"href":"https:\/\/imprimeideas.es\/en\/wp-json\/wp\/v2\/product"}],"about":[{"href":"https:\/\/imprimeideas.es\/en\/wp-json\/wp\/v2\/types\/product"}],"replies":[{"embeddable":true,"href":"https:\/\/imprimeideas.es\/en\/wp-json\/wp\/v2\/comments?post=39090"}],"version-history":[{"count":1,"href":"https:\/\/imprimeideas.es\/en\/wp-json\/wp\/v2\/product\/39090\/revisions"}],"predecessor-version":[{"id":54140,"href":"https:\/\/imprimeideas.es\/en\/wp-json\/wp\/v2\/product\/39090\/revisions\/54140"}],"wp:featuredmedia":[{"embeddable":true,"href":"https:\/\/imprimeideas.es\/en\/wp-json\/wp\/v2\/media\/73560"}],"wp:attachment":[{"href":"https:\/\/imprimeideas.es\/en\/wp-json\/wp\/v2\/media?parent=39090"}],"wp:term":[{"taxonomy":"product_brand","embeddable":true,"href":"https:\/\/imprimeideas.es\/en\/wp-json\/wp\/v2\/product_brand?post=39090"},{"taxonomy":"product_cat","embeddable":true,"href":"https:\/\/imprimeideas.es\/en\/wp-json\/wp\/v2\/product_cat?post=39090"},{"taxonomy":"product_tag","embeddable":true,"href":"https:\/\/imprimeideas.es\/en\/wp-json\/wp\/v2\/product_tag?post=39090"}],"curies":[{"name":"wp","href":"https:\/\/api.w.org\/{rel}","templated":true}]}}