{"id":39069,"date":"2026-02-24T11:18:11","date_gmt":"2026-02-24T10:18:11","guid":{"rendered":"https:\/\/imprimeideas.es\/?post_type=product&p=39069"},"modified":"2026-02-26T18:08:13","modified_gmt":"2026-02-26T17:08:13","slug":"carro-compra-daggio","status":"publish","type":"product","link":"https:\/\/imprimeideas.es\/en\/product\/carro-compra-daggio\/","title":{"rendered":"Carro Compra Daggio"},"content":{"rendered":"<p>Carro de compra plegable y l\u00ednea nature. Fabricado en resistente poli\u00e9ster 600D RPET, elaborado a partir de pl\u00e1stico reciclado, para as\u00ed fomentar la reutilizaci\u00f3n de residuos pl\u00e1sticos y ayudar a la sostenibilidad del planeta. Con asa reforzada, cuerpo met\u00e1lico tubular, bolsillo de cremallera posterior y soportes con gomas de protecci\u00f3n. Ruedas reforzadas de alta calidad. Etiqueta distintiva RPET en la solapa.<\/p>","protected":false},"excerpt":{"rendered":"<p>Plegable<\/p>","protected":false},"featured_media":39819,"comment_status":"open","ping_status":"open","template":"","meta":{"inline_featured_image":false},"product_brand":[],"product_cat":[122,99],"product_tag":[],"class_list":{"0":"post-39069","1":"product","2":"type-product","3":"status-publish","4":"has-post-thumbnail","6":"product_cat-articulos-sostenibles","7":"product_cat-bolsas","9":"first","10":"instock","11":"taxable","12":"shipping-taxable","13":"purchasable","14":"product-type-variable","15":"has-default-attributes"},"aioseo_notices":[],"_links":{"self":[{"href":"https:\/\/imprimeideas.es\/en\/wp-json\/wp\/v2\/product\/39069","targetHints":{"allow":["GET"]}}],"collection":[{"href":"https:\/\/imprimeideas.es\/en\/wp-json\/wp\/v2\/product"}],"about":[{"href":"https:\/\/imprimeideas.es\/en\/wp-json\/wp\/v2\/types\/product"}],"replies":[{"embeddable":true,"href":"https:\/\/imprimeideas.es\/en\/wp-json\/wp\/v2\/comments?post=39069"}],"version-history":[{"count":1,"href":"https:\/\/imprimeideas.es\/en\/wp-json\/wp\/v2\/product\/39069\/revisions"}],"predecessor-version":[{"id":54131,"href":"https:\/\/imprimeideas.es\/en\/wp-json\/wp\/v2\/product\/39069\/revisions\/54131"}],"wp:featuredmedia":[{"embeddable":true,"href":"https:\/\/imprimeideas.es\/en\/wp-json\/wp\/v2\/media\/39819"}],"wp:attachment":[{"href":"https:\/\/imprimeideas.es\/en\/wp-json\/wp\/v2\/media?parent=39069"}],"wp:term":[{"taxonomy":"product_brand","embeddable":true,"href":"https:\/\/imprimeideas.es\/en\/wp-json\/wp\/v2\/product_brand?post=39069"},{"taxonomy":"product_cat","embeddable":true,"href":"https:\/\/imprimeideas.es\/en\/wp-json\/wp\/v2\/product_cat?post=39069"},{"taxonomy":"product_tag","embeddable":true,"href":"https:\/\/imprimeideas.es\/en\/wp-json\/wp\/v2\/product_tag?post=39069"}],"curies":[{"name":"wp","href":"https:\/\/api.w.org\/{rel}","templated":true}]}}