{"id":39065,"date":"2026-02-24T11:18:11","date_gmt":"2026-02-24T10:18:11","guid":{"rendered":"https:\/\/imprimeideas.es\/?post_type=product&p=39065"},"modified":"2026-02-25T19:52:14","modified_gmt":"2026-02-25T18:52:14","slug":"set-jardineria-maurix","status":"publish","type":"product","link":"https:\/\/imprimeideas.es\/en\/product\/set-jardineria-maurix\/","title":{"rendered":"Set Jardiner\u00eda Maurix"},"content":{"rendered":"<p>Set de jardiner\u00eda de 3 accesorios, fabricado en metal con mango de madera. Incluye pala grande, pala peque\u00f1a y rastrillo. Con ri\u00f1onera de transporte en algod\u00f3n y cierre de click ajustable presentado en atractiva caja de dise\u00f1o eco.<\/p>","protected":false},"excerpt":{"rendered":"<p>3 Accesorios<\/p>","protected":false},"featured_media":70263,"comment_status":"open","ping_status":"open","template":"","meta":{"inline_featured_image":false},"product_brand":[],"product_cat":[122,110],"product_tag":[],"class_list":{"0":"post-39065","1":"product","2":"type-product","3":"status-publish","4":"has-post-thumbnail","6":"product_cat-articulos-sostenibles","7":"product_cat-herramientas-brico-y-automovil","9":"first","10":"outofstock","11":"taxable","12":"shipping-taxable","13":"purchasable","14":"product-type-variable","15":"has-default-attributes"},"aioseo_notices":[],"_links":{"self":[{"href":"https:\/\/imprimeideas.es\/en\/wp-json\/wp\/v2\/product\/39065","targetHints":{"allow":["GET"]}}],"collection":[{"href":"https:\/\/imprimeideas.es\/en\/wp-json\/wp\/v2\/product"}],"about":[{"href":"https:\/\/imprimeideas.es\/en\/wp-json\/wp\/v2\/types\/product"}],"replies":[{"embeddable":true,"href":"https:\/\/imprimeideas.es\/en\/wp-json\/wp\/v2\/comments?post=39065"}],"version-history":[{"count":1,"href":"https:\/\/imprimeideas.es\/en\/wp-json\/wp\/v2\/product\/39065\/revisions"}],"predecessor-version":[{"id":54129,"href":"https:\/\/imprimeideas.es\/en\/wp-json\/wp\/v2\/product\/39065\/revisions\/54129"}],"wp:featuredmedia":[{"embeddable":true,"href":"https:\/\/imprimeideas.es\/en\/wp-json\/wp\/v2\/media\/70263"}],"wp:attachment":[{"href":"https:\/\/imprimeideas.es\/en\/wp-json\/wp\/v2\/media?parent=39065"}],"wp:term":[{"taxonomy":"product_brand","embeddable":true,"href":"https:\/\/imprimeideas.es\/en\/wp-json\/wp\/v2\/product_brand?post=39065"},{"taxonomy":"product_cat","embeddable":true,"href":"https:\/\/imprimeideas.es\/en\/wp-json\/wp\/v2\/product_cat?post=39065"},{"taxonomy":"product_tag","embeddable":true,"href":"https:\/\/imprimeideas.es\/en\/wp-json\/wp\/v2\/product_tag?post=39065"}],"curies":[{"name":"wp","href":"https:\/\/api.w.org\/{rel}","templated":true}]}}