{"id":39063,"date":"2026-02-24T11:18:10","date_gmt":"2026-02-24T10:18:10","guid":{"rendered":"https:\/\/imprimeideas.es\/?post_type=product&p=39063"},"modified":"2026-02-26T18:32:55","modified_gmt":"2026-02-26T17:32:55","slug":"caseta-pajaro-pecker","status":"publish","type":"product","link":"https:\/\/imprimeideas.es\/en\/product\/caseta-pajaro-pecker\/","title":{"rendered":"Caseta P\u00e1jaro Pecker"},"content":{"rendered":"<p>Original caseta para p\u00e1jaro en madera de 4mm de grosor. De f\u00e1cil montaje y presentaci\u00f3n desmontada.<\/p>","protected":false},"excerpt":{"rendered":"<p>Original caseta para p\u00e1jaro en madera de 4mm de grosor. De f\u00e1cil montaje y presentaci\u00f3n desmontada.<\/p>","protected":false},"featured_media":61696,"comment_status":"open","ping_status":"open","template":"","meta":{"inline_featured_image":false},"product_brand":[],"product_cat":[122,110],"product_tag":[],"class_list":{"0":"post-39063","1":"product","2":"type-product","3":"status-publish","4":"has-post-thumbnail","6":"product_cat-articulos-sostenibles","7":"product_cat-herramientas-brico-y-automovil","9":"first","10":"instock","11":"taxable","12":"shipping-taxable","13":"purchasable","14":"product-type-variable","15":"has-default-attributes"},"aioseo_notices":[],"_links":{"self":[{"href":"https:\/\/imprimeideas.es\/en\/wp-json\/wp\/v2\/product\/39063","targetHints":{"allow":["GET"]}}],"collection":[{"href":"https:\/\/imprimeideas.es\/en\/wp-json\/wp\/v2\/product"}],"about":[{"href":"https:\/\/imprimeideas.es\/en\/wp-json\/wp\/v2\/types\/product"}],"replies":[{"embeddable":true,"href":"https:\/\/imprimeideas.es\/en\/wp-json\/wp\/v2\/comments?post=39063"}],"version-history":[{"count":1,"href":"https:\/\/imprimeideas.es\/en\/wp-json\/wp\/v2\/product\/39063\/revisions"}],"predecessor-version":[{"id":54128,"href":"https:\/\/imprimeideas.es\/en\/wp-json\/wp\/v2\/product\/39063\/revisions\/54128"}],"wp:featuredmedia":[{"embeddable":true,"href":"https:\/\/imprimeideas.es\/en\/wp-json\/wp\/v2\/media\/61696"}],"wp:attachment":[{"href":"https:\/\/imprimeideas.es\/en\/wp-json\/wp\/v2\/media?parent=39063"}],"wp:term":[{"taxonomy":"product_brand","embeddable":true,"href":"https:\/\/imprimeideas.es\/en\/wp-json\/wp\/v2\/product_brand?post=39063"},{"taxonomy":"product_cat","embeddable":true,"href":"https:\/\/imprimeideas.es\/en\/wp-json\/wp\/v2\/product_cat?post=39063"},{"taxonomy":"product_tag","embeddable":true,"href":"https:\/\/imprimeideas.es\/en\/wp-json\/wp\/v2\/product_tag?post=39063"}],"curies":[{"name":"wp","href":"https:\/\/api.w.org\/{rel}","templated":true}]}}