{"id":39055,"date":"2026-02-24T11:18:10","date_gmt":"2026-02-24T10:18:10","guid":{"rendered":"https:\/\/imprimeideas.es\/?post_type=product&p=39055"},"modified":"2026-02-26T18:37:40","modified_gmt":"2026-02-26T17:37:40","slug":"set-barbacoa-craxton","status":"publish","type":"product","link":"https:\/\/imprimeideas.es\/en\/product\/set-barbacoa-craxton\/","title":{"rendered":"Set Barbacoa Craxton"},"content":{"rendered":"<p>Set de barbacoa de l\u00ednea nature y 6 accesorios fabricados en metal con mango de madera. Incluye 2 cuchillos, afilador, trinchador y pinzas, con tabla de bamb\u00fa para corte y presentaci\u00f3n. Presentado en estuche indvidual de resistente poli\u00e9ster, con sujeciones el\u00e1sticas interiores para los distintos utensilios.<\/p>","protected":false},"excerpt":{"rendered":"<p>6 Accesorios. Funda Poli\u00e9ster<\/p>","protected":false},"featured_media":69006,"comment_status":"open","ping_status":"open","template":"","meta":{"inline_featured_image":false},"product_brand":[],"product_cat":[122,101,102],"product_tag":[],"class_list":{"0":"post-39055","1":"product","2":"type-product","3":"status-publish","4":"has-post-thumbnail","6":"product_cat-articulos-sostenibles","7":"product_cat-deporte-y-aventura","8":"product_cat-ocio-y-tiempo-libre","10":"first","11":"instock","12":"taxable","13":"shipping-taxable","14":"purchasable","15":"product-type-variable","16":"has-default-attributes"},"aioseo_notices":[],"_links":{"self":[{"href":"https:\/\/imprimeideas.es\/en\/wp-json\/wp\/v2\/product\/39055","targetHints":{"allow":["GET"]}}],"collection":[{"href":"https:\/\/imprimeideas.es\/en\/wp-json\/wp\/v2\/product"}],"about":[{"href":"https:\/\/imprimeideas.es\/en\/wp-json\/wp\/v2\/types\/product"}],"replies":[{"embeddable":true,"href":"https:\/\/imprimeideas.es\/en\/wp-json\/wp\/v2\/comments?post=39055"}],"version-history":[{"count":1,"href":"https:\/\/imprimeideas.es\/en\/wp-json\/wp\/v2\/product\/39055\/revisions"}],"predecessor-version":[{"id":54125,"href":"https:\/\/imprimeideas.es\/en\/wp-json\/wp\/v2\/product\/39055\/revisions\/54125"}],"wp:featuredmedia":[{"embeddable":true,"href":"https:\/\/imprimeideas.es\/en\/wp-json\/wp\/v2\/media\/69006"}],"wp:attachment":[{"href":"https:\/\/imprimeideas.es\/en\/wp-json\/wp\/v2\/media?parent=39055"}],"wp:term":[{"taxonomy":"product_brand","embeddable":true,"href":"https:\/\/imprimeideas.es\/en\/wp-json\/wp\/v2\/product_brand?post=39055"},{"taxonomy":"product_cat","embeddable":true,"href":"https:\/\/imprimeideas.es\/en\/wp-json\/wp\/v2\/product_cat?post=39055"},{"taxonomy":"product_tag","embeddable":true,"href":"https:\/\/imprimeideas.es\/en\/wp-json\/wp\/v2\/product_tag?post=39055"}],"curies":[{"name":"wp","href":"https:\/\/api.w.org\/{rel}","templated":true}]}}