{"id":39053,"date":"2026-02-24T11:18:10","date_gmt":"2026-02-24T10:18:10","guid":{"rendered":"https:\/\/imprimeideas.es\/?post_type=product&p=39053"},"modified":"2026-02-26T18:08:26","modified_gmt":"2026-02-26T17:08:26","slug":"bolsa-termica-linax","status":"publish","type":"product","link":"https:\/\/imprimeideas.es\/en\/product\/bolsa-termica-linax\/","title":{"rendered":"Bolsa T\u00e9rmica Linax"},"content":{"rendered":"<p>Bolsa t\u00e9rmica en resistente material 100% algod\u00f3n de 225g\/m2, con parte superior en yute laminado y asas de algod\u00f3n. Compartimento principal con cierre de cremallera y tirador met\u00e1lico, con interior isotermo de aluminio. De acabado cosido, con asas medianas reforzadas y resistencia hasta 7kg de peso.<\/p>","protected":false},"excerpt":{"rendered":"<p>Bolsa t\u00e9rmica en resistente material 100% algod\u00f3n de 225g\/m2, con parte superior en yute laminado y asas de algod\u00f3n. Compartimento<\/p>","protected":false},"featured_media":63813,"comment_status":"open","ping_status":"open","template":"","meta":{"inline_featured_image":false},"product_brand":[],"product_cat":[122,99,114],"product_tag":[],"class_list":{"0":"post-39053","1":"product","2":"type-product","3":"status-publish","4":"has-post-thumbnail","6":"product_cat-articulos-sostenibles","7":"product_cat-bolsas","8":"product_cat-verano-y-playa","10":"first","11":"instock","12":"taxable","13":"shipping-taxable","14":"purchasable","15":"product-type-variable","16":"has-default-attributes"},"aioseo_notices":[],"_links":{"self":[{"href":"https:\/\/imprimeideas.es\/en\/wp-json\/wp\/v2\/product\/39053","targetHints":{"allow":["GET"]}}],"collection":[{"href":"https:\/\/imprimeideas.es\/en\/wp-json\/wp\/v2\/product"}],"about":[{"href":"https:\/\/imprimeideas.es\/en\/wp-json\/wp\/v2\/types\/product"}],"replies":[{"embeddable":true,"href":"https:\/\/imprimeideas.es\/en\/wp-json\/wp\/v2\/comments?post=39053"}],"version-history":[{"count":1,"href":"https:\/\/imprimeideas.es\/en\/wp-json\/wp\/v2\/product\/39053\/revisions"}],"predecessor-version":[{"id":54124,"href":"https:\/\/imprimeideas.es\/en\/wp-json\/wp\/v2\/product\/39053\/revisions\/54124"}],"wp:featuredmedia":[{"embeddable":true,"href":"https:\/\/imprimeideas.es\/en\/wp-json\/wp\/v2\/media\/63813"}],"wp:attachment":[{"href":"https:\/\/imprimeideas.es\/en\/wp-json\/wp\/v2\/media?parent=39053"}],"wp:term":[{"taxonomy":"product_brand","embeddable":true,"href":"https:\/\/imprimeideas.es\/en\/wp-json\/wp\/v2\/product_brand?post=39053"},{"taxonomy":"product_cat","embeddable":true,"href":"https:\/\/imprimeideas.es\/en\/wp-json\/wp\/v2\/product_cat?post=39053"},{"taxonomy":"product_tag","embeddable":true,"href":"https:\/\/imprimeideas.es\/en\/wp-json\/wp\/v2\/product_tag?post=39053"}],"curies":[{"name":"wp","href":"https:\/\/api.w.org\/{rel}","templated":true}]}}