{"id":39049,"date":"2026-02-24T11:18:09","date_gmt":"2026-02-24T10:18:09","guid":{"rendered":"https:\/\/imprimeideas.es\/?post_type=product&p=39049"},"modified":"2026-02-26T18:42:37","modified_gmt":"2026-02-26T17:42:37","slug":"nevera-botella-tukam","status":"publish","type":"product","link":"https:\/\/imprimeideas.es\/en\/product\/nevera-botella-tukam\/","title":{"rendered":"Nevera Botella Tukam"},"content":{"rendered":"<p>Nevera de l\u00ednea nature para botellas de hasta 1,5l, fabricada en resistente poli\u00e9ster 300D RPET, elaborado a partir de pl\u00e1stico reciclado para as\u00ed fomentar la reutilizaci\u00f3n de residuos pl\u00e1sticos y contribuir a la sostenibilidad del planeta. Con cierre de cremallera y c\u00f3moda cinta para hombro ajustable. Interior isotermo en aluminio, con distintivo RPET en etiqueta.<\/p>","protected":false},"excerpt":{"rendered":"<p>Nevera de l\u00ednea nature para botellas de hasta 1,5l, fabricada en resistente poli\u00e9ster 300D RPET, elaborado a partir de pl\u00e1stico<\/p>","protected":false},"featured_media":80003,"comment_status":"open","ping_status":"open","template":"","meta":{"inline_featured_image":false},"product_brand":[],"product_cat":[122,98,114],"product_tag":[],"class_list":{"0":"post-39049","1":"product","2":"type-product","3":"status-publish","4":"has-post-thumbnail","6":"product_cat-articulos-sostenibles","7":"product_cat-take-away","8":"product_cat-verano-y-playa","10":"first","11":"instock","12":"taxable","13":"shipping-taxable","14":"purchasable","15":"product-type-variable","16":"has-default-attributes"},"aioseo_notices":[],"_links":{"self":[{"href":"https:\/\/imprimeideas.es\/en\/wp-json\/wp\/v2\/product\/39049","targetHints":{"allow":["GET"]}}],"collection":[{"href":"https:\/\/imprimeideas.es\/en\/wp-json\/wp\/v2\/product"}],"about":[{"href":"https:\/\/imprimeideas.es\/en\/wp-json\/wp\/v2\/types\/product"}],"replies":[{"embeddable":true,"href":"https:\/\/imprimeideas.es\/en\/wp-json\/wp\/v2\/comments?post=39049"}],"version-history":[{"count":1,"href":"https:\/\/imprimeideas.es\/en\/wp-json\/wp\/v2\/product\/39049\/revisions"}],"predecessor-version":[{"id":54122,"href":"https:\/\/imprimeideas.es\/en\/wp-json\/wp\/v2\/product\/39049\/revisions\/54122"}],"wp:featuredmedia":[{"embeddable":true,"href":"https:\/\/imprimeideas.es\/en\/wp-json\/wp\/v2\/media\/80003"}],"wp:attachment":[{"href":"https:\/\/imprimeideas.es\/en\/wp-json\/wp\/v2\/media?parent=39049"}],"wp:term":[{"taxonomy":"product_brand","embeddable":true,"href":"https:\/\/imprimeideas.es\/en\/wp-json\/wp\/v2\/product_brand?post=39049"},{"taxonomy":"product_cat","embeddable":true,"href":"https:\/\/imprimeideas.es\/en\/wp-json\/wp\/v2\/product_cat?post=39049"},{"taxonomy":"product_tag","embeddable":true,"href":"https:\/\/imprimeideas.es\/en\/wp-json\/wp\/v2\/product_tag?post=39049"}],"curies":[{"name":"wp","href":"https:\/\/api.w.org\/{rel}","templated":true}]}}