{"id":39046,"date":"2026-02-24T11:18:09","date_gmt":"2026-02-24T10:18:09","guid":{"rendered":"https:\/\/imprimeideas.es\/?post_type=product&p=39046"},"modified":"2026-02-26T18:33:02","modified_gmt":"2026-02-26T17:33:02","slug":"bolsa-nevera-pattel","status":"publish","type":"product","link":"https:\/\/imprimeideas.es\/en\/product\/bolsa-nevera-pattel\/","title":{"rendered":"Bolsa Nevera Pattel"},"content":{"rendered":"<p>Bolsa nevera en resistente poli\u00e9ster RPET 600D elaborado a partir de pl\u00e1stico reciclado para as\u00ed fomentar la reutilizaci\u00f3n de residuos pl\u00e1sticos y contribuir a la sostenibilidad del planeta. Compartimento principal en redecilla tipo mesh, con cierre de cremallera. Nevera integrada en base, en resistente poli\u00e9ster 600D RPET, con interior isotermo en PEVA. Asas de transporte reforzadas y amplio bolsillo frontal, con distintivo RPET en etiqueta.<\/p>","protected":false},"excerpt":{"rendered":"<p>Bolsa nevera en resistente poli\u00e9ster RPET 600D elaborado a partir de pl\u00e1stico reciclado para as\u00ed fomentar la reutilizaci\u00f3n de residuos<\/p>","protected":false},"featured_media":84710,"comment_status":"open","ping_status":"open","template":"","meta":{"inline_featured_image":false},"product_brand":[],"product_cat":[122,99,98,114],"product_tag":[],"class_list":{"0":"post-39046","1":"product","2":"type-product","3":"status-publish","4":"has-post-thumbnail","6":"product_cat-articulos-sostenibles","7":"product_cat-bolsas","8":"product_cat-take-away","9":"product_cat-verano-y-playa","11":"first","12":"instock","13":"taxable","14":"shipping-taxable","15":"purchasable","16":"product-type-variable","17":"has-default-attributes"},"aioseo_notices":[],"_links":{"self":[{"href":"https:\/\/imprimeideas.es\/en\/wp-json\/wp\/v2\/product\/39046","targetHints":{"allow":["GET"]}}],"collection":[{"href":"https:\/\/imprimeideas.es\/en\/wp-json\/wp\/v2\/product"}],"about":[{"href":"https:\/\/imprimeideas.es\/en\/wp-json\/wp\/v2\/types\/product"}],"replies":[{"embeddable":true,"href":"https:\/\/imprimeideas.es\/en\/wp-json\/wp\/v2\/comments?post=39046"}],"version-history":[{"count":1,"href":"https:\/\/imprimeideas.es\/en\/wp-json\/wp\/v2\/product\/39046\/revisions"}],"predecessor-version":[{"id":54121,"href":"https:\/\/imprimeideas.es\/en\/wp-json\/wp\/v2\/product\/39046\/revisions\/54121"}],"wp:featuredmedia":[{"embeddable":true,"href":"https:\/\/imprimeideas.es\/en\/wp-json\/wp\/v2\/media\/84710"}],"wp:attachment":[{"href":"https:\/\/imprimeideas.es\/en\/wp-json\/wp\/v2\/media?parent=39046"}],"wp:term":[{"taxonomy":"product_brand","embeddable":true,"href":"https:\/\/imprimeideas.es\/en\/wp-json\/wp\/v2\/product_brand?post=39046"},{"taxonomy":"product_cat","embeddable":true,"href":"https:\/\/imprimeideas.es\/en\/wp-json\/wp\/v2\/product_cat?post=39046"},{"taxonomy":"product_tag","embeddable":true,"href":"https:\/\/imprimeideas.es\/en\/wp-json\/wp\/v2\/product_tag?post=39046"}],"curies":[{"name":"wp","href":"https:\/\/api.w.org\/{rel}","templated":true}]}}