{"id":39044,"date":"2026-02-24T11:18:09","date_gmt":"2026-02-24T10:18:09","guid":{"rendered":"https:\/\/imprimeideas.es\/?post_type=product&p=39044"},"modified":"2026-02-26T18:37:30","modified_gmt":"2026-02-26T17:37:30","slug":"mochila-nevera-kemper","status":"publish","type":"product","link":"https:\/\/imprimeideas.es\/en\/product\/mochila-nevera-kemper\/","title":{"rendered":"Mochila Nevera Kemper"},"content":{"rendered":"<p>Mochila nevera 10L de l\u00ednea nature, fabricada en resistente poli\u00e9ster RPET 600D de alta calidad, elaborado a partir de pl\u00e1stico reciclado para as\u00ed fomentar la reutilizaci\u00f3n de residuos pl\u00e1sticos y contribuir a la sostenibilidad del planeta. Compartimento principal con cierre de cremallera de doble tirador, con interior en PEVA. Con bolsillos laterales en redecilla y bolsillo frontal de acceso r\u00e1pido con cierre de cremallera y tirador. Banda el\u00e1stica en la parte superior, y en bolsillo en la parte trasera.Totalmente acolchada. Distintivo RPET en etiqueta.<\/p>","protected":false},"excerpt":{"rendered":"<p>Acolchada<\/p>","protected":false},"featured_media":73615,"comment_status":"open","ping_status":"open","template":"","meta":{"inline_featured_image":false},"product_brand":[],"product_cat":[122,101,102],"product_tag":[],"class_list":{"0":"post-39044","1":"product","2":"type-product","3":"status-publish","4":"has-post-thumbnail","6":"product_cat-articulos-sostenibles","7":"product_cat-deporte-y-aventura","8":"product_cat-ocio-y-tiempo-libre","10":"first","11":"instock","12":"taxable","13":"shipping-taxable","14":"purchasable","15":"product-type-variable","16":"has-default-attributes"},"aioseo_notices":[],"_links":{"self":[{"href":"https:\/\/imprimeideas.es\/en\/wp-json\/wp\/v2\/product\/39044","targetHints":{"allow":["GET"]}}],"collection":[{"href":"https:\/\/imprimeideas.es\/en\/wp-json\/wp\/v2\/product"}],"about":[{"href":"https:\/\/imprimeideas.es\/en\/wp-json\/wp\/v2\/types\/product"}],"replies":[{"embeddable":true,"href":"https:\/\/imprimeideas.es\/en\/wp-json\/wp\/v2\/comments?post=39044"}],"version-history":[{"count":1,"href":"https:\/\/imprimeideas.es\/en\/wp-json\/wp\/v2\/product\/39044\/revisions"}],"predecessor-version":[{"id":54120,"href":"https:\/\/imprimeideas.es\/en\/wp-json\/wp\/v2\/product\/39044\/revisions\/54120"}],"wp:featuredmedia":[{"embeddable":true,"href":"https:\/\/imprimeideas.es\/en\/wp-json\/wp\/v2\/media\/73615"}],"wp:attachment":[{"href":"https:\/\/imprimeideas.es\/en\/wp-json\/wp\/v2\/media?parent=39044"}],"wp:term":[{"taxonomy":"product_brand","embeddable":true,"href":"https:\/\/imprimeideas.es\/en\/wp-json\/wp\/v2\/product_brand?post=39044"},{"taxonomy":"product_cat","embeddable":true,"href":"https:\/\/imprimeideas.es\/en\/wp-json\/wp\/v2\/product_cat?post=39044"},{"taxonomy":"product_tag","embeddable":true,"href":"https:\/\/imprimeideas.es\/en\/wp-json\/wp\/v2\/product_tag?post=39044"}],"curies":[{"name":"wp","href":"https:\/\/api.w.org\/{rel}","templated":true}]}}