{"id":39019,"date":"2026-02-24T11:18:06","date_gmt":"2026-02-24T10:18:06","guid":{"rendered":"https:\/\/imprimeideas.es\/?post_type=product&p=39019"},"modified":"2026-02-26T18:28:03","modified_gmt":"2026-02-26T17:28:03","slug":"llavero-poncho-gol","status":"publish","type":"product","link":"https:\/\/imprimeideas.es\/en\/product\/llavero-poncho-gol\/","title":{"rendered":"Llavero Poncho Gol"},"content":{"rendered":"<p>Llavero poncho con original dise\u00f1o f\u00fatbol. Poncho interior en talla \u00fanica de adulto, con medidas 120x90cm y fabricado en LDPE. Incluye mosquet\u00f3n de transporte, con amplia zona de marcaje<\/p>","protected":false},"excerpt":{"rendered":"<p>Talla \u00danica. Adulto. 120 x 90 cm<\/p>","protected":false},"featured_media":76757,"comment_status":"open","ping_status":"open","template":"","meta":{"inline_featured_image":false},"product_brand":[],"product_cat":[113,118],"product_tag":[],"class_list":{"0":"post-39019","1":"product","2":"type-product","3":"status-publish","4":"has-post-thumbnail","6":"product_cat-eventos-y-fiesta","7":"product_cat-lluvia-y-frio","9":"first","10":"instock","11":"taxable","12":"shipping-taxable","13":"purchasable","14":"product-type-variable","15":"has-default-attributes"},"aioseo_notices":[],"_links":{"self":[{"href":"https:\/\/imprimeideas.es\/en\/wp-json\/wp\/v2\/product\/39019","targetHints":{"allow":["GET"]}}],"collection":[{"href":"https:\/\/imprimeideas.es\/en\/wp-json\/wp\/v2\/product"}],"about":[{"href":"https:\/\/imprimeideas.es\/en\/wp-json\/wp\/v2\/types\/product"}],"replies":[{"embeddable":true,"href":"https:\/\/imprimeideas.es\/en\/wp-json\/wp\/v2\/comments?post=39019"}],"version-history":[{"count":1,"href":"https:\/\/imprimeideas.es\/en\/wp-json\/wp\/v2\/product\/39019\/revisions"}],"predecessor-version":[{"id":54111,"href":"https:\/\/imprimeideas.es\/en\/wp-json\/wp\/v2\/product\/39019\/revisions\/54111"}],"wp:featuredmedia":[{"embeddable":true,"href":"https:\/\/imprimeideas.es\/en\/wp-json\/wp\/v2\/media\/76757"}],"wp:attachment":[{"href":"https:\/\/imprimeideas.es\/en\/wp-json\/wp\/v2\/media?parent=39019"}],"wp:term":[{"taxonomy":"product_brand","embeddable":true,"href":"https:\/\/imprimeideas.es\/en\/wp-json\/wp\/v2\/product_brand?post=39019"},{"taxonomy":"product_cat","embeddable":true,"href":"https:\/\/imprimeideas.es\/en\/wp-json\/wp\/v2\/product_cat?post=39019"},{"taxonomy":"product_tag","embeddable":true,"href":"https:\/\/imprimeideas.es\/en\/wp-json\/wp\/v2\/product_tag?post=39019"}],"curies":[{"name":"wp","href":"https:\/\/api.w.org\/{rel}","templated":true}]}}