{"id":39015,"date":"2026-02-24T11:18:06","date_gmt":"2026-02-24T10:18:06","guid":{"rendered":"https:\/\/imprimeideas.es\/?post_type=product&p=39015"},"modified":"2026-02-26T18:23:16","modified_gmt":"2026-02-26T17:23:16","slug":"soporte-reviton","status":"publish","type":"product","link":"https:\/\/imprimeideas.es\/en\/product\/soporte-reviton\/","title":{"rendered":"Soporte Reviton"},"content":{"rendered":"<p>Soporte plegable para smartphones y tablets. Regulable en altura, incluye protecciones de goma antideslizantes en base y soporte. En sobrio acabado de color blanco y con amplia superficie de marcaje, especialmente indicado para impresi\u00f3n en tampograf\u00eda. Presentado en atractiva caja de dise\u00f1o.<\/p>","protected":false},"excerpt":{"rendered":"<p>Plegable. Altura y \u00c1ngulo Regulable<\/p>","protected":false},"featured_media":69505,"comment_status":"open","ping_status":"open","template":"","meta":{"inline_featured_image":false},"product_brand":[],"product_cat":[96,95],"product_tag":[],"class_list":{"0":"post-39015","1":"product","2":"type-product","3":"status-publish","4":"has-post-thumbnail","6":"product_cat-oficina-y-negocios","7":"product_cat-tecnologia-y-accesorios","9":"first","10":"instock","11":"taxable","12":"shipping-taxable","13":"purchasable","14":"product-type-variable","15":"has-default-attributes"},"aioseo_notices":[],"_links":{"self":[{"href":"https:\/\/imprimeideas.es\/en\/wp-json\/wp\/v2\/product\/39015","targetHints":{"allow":["GET"]}}],"collection":[{"href":"https:\/\/imprimeideas.es\/en\/wp-json\/wp\/v2\/product"}],"about":[{"href":"https:\/\/imprimeideas.es\/en\/wp-json\/wp\/v2\/types\/product"}],"replies":[{"embeddable":true,"href":"https:\/\/imprimeideas.es\/en\/wp-json\/wp\/v2\/comments?post=39015"}],"version-history":[{"count":1,"href":"https:\/\/imprimeideas.es\/en\/wp-json\/wp\/v2\/product\/39015\/revisions"}],"predecessor-version":[{"id":54109,"href":"https:\/\/imprimeideas.es\/en\/wp-json\/wp\/v2\/product\/39015\/revisions\/54109"}],"wp:featuredmedia":[{"embeddable":true,"href":"https:\/\/imprimeideas.es\/en\/wp-json\/wp\/v2\/media\/69505"}],"wp:attachment":[{"href":"https:\/\/imprimeideas.es\/en\/wp-json\/wp\/v2\/media?parent=39015"}],"wp:term":[{"taxonomy":"product_brand","embeddable":true,"href":"https:\/\/imprimeideas.es\/en\/wp-json\/wp\/v2\/product_brand?post=39015"},{"taxonomy":"product_cat","embeddable":true,"href":"https:\/\/imprimeideas.es\/en\/wp-json\/wp\/v2\/product_cat?post=39015"},{"taxonomy":"product_tag","embeddable":true,"href":"https:\/\/imprimeideas.es\/en\/wp-json\/wp\/v2\/product_tag?post=39015"}],"curies":[{"name":"wp","href":"https:\/\/api.w.org\/{rel}","templated":true}]}}