{"id":39013,"date":"2026-02-24T11:18:05","date_gmt":"2026-02-24T10:18:05","guid":{"rendered":"https:\/\/imprimeideas.es\/?post_type=product&p=39013"},"modified":"2026-02-26T18:42:40","modified_gmt":"2026-02-26T17:42:40","slug":"anillo-de-luz-tripode-kristen","status":"publish","type":"product","link":"https:\/\/imprimeideas.es\/en\/product\/anillo-de-luz-tripode-kristen\/","title":{"rendered":"Anillo de Luz Tr\u00edpode Kristen"},"content":{"rendered":"<p>Set de iluminaci\u00f3n. Incluye anillo de luz, tr\u00edpode de mesa, y tr\u00edpode de suelo con altura regulable hasta 180cm. 120 ledes, con 3 posiciones de iluminaci\u00f3n y 10 niveles de intensidad de luz regulable. Alimentaci\u00f3n mediante conexi\u00f3n USB. Cable con controlador y disparador remoto incluidos. Presentado en atractiva caja de dise\u00f1o.<\/p>","protected":false},"excerpt":{"rendered":"<p>Extensible. 120 Ledes. 3 Posiciones de Luz. Intensidad de Luz Regulable. Conexi\u00f3n USB<\/p>","protected":false},"featured_media":39882,"comment_status":"open","ping_status":"open","template":"","meta":{"inline_featured_image":false},"product_brand":[],"product_cat":[95],"product_tag":[],"class_list":{"0":"post-39013","1":"product","2":"type-product","3":"status-publish","4":"has-post-thumbnail","6":"product_cat-tecnologia-y-accesorios","8":"first","9":"instock","10":"taxable","11":"shipping-taxable","12":"purchasable","13":"product-type-variable","14":"has-default-attributes"},"aioseo_notices":[],"_links":{"self":[{"href":"https:\/\/imprimeideas.es\/en\/wp-json\/wp\/v2\/product\/39013","targetHints":{"allow":["GET"]}}],"collection":[{"href":"https:\/\/imprimeideas.es\/en\/wp-json\/wp\/v2\/product"}],"about":[{"href":"https:\/\/imprimeideas.es\/en\/wp-json\/wp\/v2\/types\/product"}],"replies":[{"embeddable":true,"href":"https:\/\/imprimeideas.es\/en\/wp-json\/wp\/v2\/comments?post=39013"}],"version-history":[{"count":1,"href":"https:\/\/imprimeideas.es\/en\/wp-json\/wp\/v2\/product\/39013\/revisions"}],"predecessor-version":[{"id":54108,"href":"https:\/\/imprimeideas.es\/en\/wp-json\/wp\/v2\/product\/39013\/revisions\/54108"}],"wp:featuredmedia":[{"embeddable":true,"href":"https:\/\/imprimeideas.es\/en\/wp-json\/wp\/v2\/media\/39882"}],"wp:attachment":[{"href":"https:\/\/imprimeideas.es\/en\/wp-json\/wp\/v2\/media?parent=39013"}],"wp:term":[{"taxonomy":"product_brand","embeddable":true,"href":"https:\/\/imprimeideas.es\/en\/wp-json\/wp\/v2\/product_brand?post=39013"},{"taxonomy":"product_cat","embeddable":true,"href":"https:\/\/imprimeideas.es\/en\/wp-json\/wp\/v2\/product_cat?post=39013"},{"taxonomy":"product_tag","embeddable":true,"href":"https:\/\/imprimeideas.es\/en\/wp-json\/wp\/v2\/product_tag?post=39013"}],"curies":[{"name":"wp","href":"https:\/\/api.w.org\/{rel}","templated":true}]}}