{"id":39001,"date":"2026-02-24T11:18:05","date_gmt":"2026-02-24T10:18:05","guid":{"rendered":"https:\/\/imprimeideas.es\/?post_type=product&p=39001"},"modified":"2026-02-26T18:23:15","modified_gmt":"2026-02-26T17:23:15","slug":"esterilla-padma","status":"publish","type":"product","link":"https:\/\/imprimeideas.es\/en\/product\/esterilla-padma\/","title":{"rendered":"Esterilla Padma"},"content":{"rendered":"<p>Esterilla de l\u00ednea nature para la pr\u00e1ctica del yoga y otras actividades. Fabricada en resistente corcho natural, con base antideslizante en TPE. Tama\u00f1o 60&#215;180 cm, con asa de transporte y presentada en atractiva funda individual de dise\u00f1o eco, con ilustraciones de ejercicios.<\/p>","protected":false},"excerpt":{"rendered":"<p>Esterilla de l\u00ednea nature para la pr\u00e1ctica del yoga y otras actividades. Fabricada en resistente corcho natural, con base antideslizante<\/p>","protected":false},"featured_media":40819,"comment_status":"open","ping_status":"open","template":"","meta":{"inline_featured_image":false},"product_brand":[],"product_cat":[122,101],"product_tag":[],"class_list":{"0":"post-39001","1":"product","2":"type-product","3":"status-publish","4":"has-post-thumbnail","6":"product_cat-articulos-sostenibles","7":"product_cat-deporte-y-aventura","9":"first","10":"instock","11":"taxable","12":"shipping-taxable","13":"purchasable","14":"product-type-variable","15":"has-default-attributes"},"aioseo_notices":[],"_links":{"self":[{"href":"https:\/\/imprimeideas.es\/en\/wp-json\/wp\/v2\/product\/39001","targetHints":{"allow":["GET"]}}],"collection":[{"href":"https:\/\/imprimeideas.es\/en\/wp-json\/wp\/v2\/product"}],"about":[{"href":"https:\/\/imprimeideas.es\/en\/wp-json\/wp\/v2\/types\/product"}],"replies":[{"embeddable":true,"href":"https:\/\/imprimeideas.es\/en\/wp-json\/wp\/v2\/comments?post=39001"}],"version-history":[{"count":1,"href":"https:\/\/imprimeideas.es\/en\/wp-json\/wp\/v2\/product\/39001\/revisions"}],"predecessor-version":[{"id":54105,"href":"https:\/\/imprimeideas.es\/en\/wp-json\/wp\/v2\/product\/39001\/revisions\/54105"}],"wp:featuredmedia":[{"embeddable":true,"href":"https:\/\/imprimeideas.es\/en\/wp-json\/wp\/v2\/media\/40819"}],"wp:attachment":[{"href":"https:\/\/imprimeideas.es\/en\/wp-json\/wp\/v2\/media?parent=39001"}],"wp:term":[{"taxonomy":"product_brand","embeddable":true,"href":"https:\/\/imprimeideas.es\/en\/wp-json\/wp\/v2\/product_brand?post=39001"},{"taxonomy":"product_cat","embeddable":true,"href":"https:\/\/imprimeideas.es\/en\/wp-json\/wp\/v2\/product_cat?post=39001"},{"taxonomy":"product_tag","embeddable":true,"href":"https:\/\/imprimeideas.es\/en\/wp-json\/wp\/v2\/product_tag?post=39001"}],"curies":[{"name":"wp","href":"https:\/\/api.w.org\/{rel}","templated":true}]}}