{"id":38997,"date":"2026-02-24T11:18:04","date_gmt":"2026-02-24T10:18:04","guid":{"rendered":"https:\/\/imprimeideas.es\/?post_type=product&p=38997"},"modified":"2026-02-25T19:52:21","modified_gmt":"2026-02-25T18:52:21","slug":"taza-te-masty","status":"publish","type":"product","link":"https:\/\/imprimeideas.es\/en\/product\/taza-te-masty\/","title":{"rendered":"Taza T\u00e9 Masty"},"content":{"rendered":"<p>Taza para infusiones de l\u00ednea nature, en alta calidad y de 450ml de capacidad, con infusor incluido. Fabricada en cristal de borosilicato, que ofrece una resistencia y durabilidad excepcionales, alargando su vida \u00fatil y pudiendo ser reutilizada infinidad de veces. Tapa en bamb\u00fa libre de BPA y presentada en atractiva caja de dise\u00f1o eco.<\/p>","protected":false},"excerpt":{"rendered":"<p>450 ml. Infusor Incluido<\/p>","protected":false},"featured_media":39707,"comment_status":"open","ping_status":"open","template":"","meta":{"inline_featured_image":false},"product_brand":[],"product_cat":[122,104,97],"product_tag":[],"class_list":{"0":"post-38997","1":"product","2":"type-product","3":"status-publish","4":"has-post-thumbnail","6":"product_cat-articulos-sostenibles","7":"product_cat-hogar-y-decoracion","8":"product_cat-tazas-jarras-y-termos","10":"first","11":"outofstock","12":"taxable","13":"shipping-taxable","14":"purchasable","15":"product-type-variable","16":"has-default-attributes"},"aioseo_notices":[],"_links":{"self":[{"href":"https:\/\/imprimeideas.es\/en\/wp-json\/wp\/v2\/product\/38997","targetHints":{"allow":["GET"]}}],"collection":[{"href":"https:\/\/imprimeideas.es\/en\/wp-json\/wp\/v2\/product"}],"about":[{"href":"https:\/\/imprimeideas.es\/en\/wp-json\/wp\/v2\/types\/product"}],"replies":[{"embeddable":true,"href":"https:\/\/imprimeideas.es\/en\/wp-json\/wp\/v2\/comments?post=38997"}],"version-history":[{"count":1,"href":"https:\/\/imprimeideas.es\/en\/wp-json\/wp\/v2\/product\/38997\/revisions"}],"predecessor-version":[{"id":54103,"href":"https:\/\/imprimeideas.es\/en\/wp-json\/wp\/v2\/product\/38997\/revisions\/54103"}],"wp:featuredmedia":[{"embeddable":true,"href":"https:\/\/imprimeideas.es\/en\/wp-json\/wp\/v2\/media\/39707"}],"wp:attachment":[{"href":"https:\/\/imprimeideas.es\/en\/wp-json\/wp\/v2\/media?parent=38997"}],"wp:term":[{"taxonomy":"product_brand","embeddable":true,"href":"https:\/\/imprimeideas.es\/en\/wp-json\/wp\/v2\/product_brand?post=38997"},{"taxonomy":"product_cat","embeddable":true,"href":"https:\/\/imprimeideas.es\/en\/wp-json\/wp\/v2\/product_cat?post=38997"},{"taxonomy":"product_tag","embeddable":true,"href":"https:\/\/imprimeideas.es\/en\/wp-json\/wp\/v2\/product_tag?post=38997"}],"curies":[{"name":"wp","href":"https:\/\/api.w.org\/{rel}","templated":true}]}}