{"id":38984,"date":"2026-02-24T11:18:03","date_gmt":"2026-02-24T10:18:03","guid":{"rendered":"https:\/\/imprimeideas.es\/?post_type=product&p=38984"},"modified":"2026-02-26T18:42:34","modified_gmt":"2026-02-26T17:42:34","slug":"set-cubiertos-tailung","status":"publish","type":"product","link":"https:\/\/imprimeideas.es\/en\/product\/set-cubiertos-tailung\/","title":{"rendered":"Set Cubiertos Tailung"},"content":{"rendered":"<p>Set de cubiertos reutilizables fabricados en resistente y duradero acero inox. Incluye cuchara, cuchillo, tenedor, pajita y accesorio de limpieza. Presentados en elegante estuche individual de poli\u00e9ster 300D RPET, elaborado a partir de pl\u00e1stico reciclado para as\u00ed fomentar la reutilizaci\u00f3n de residuos pl\u00e1sticos y ayudar a la sostenibilidad del planeta. Estuche con cinta de transporte, cierre de cremallera y distintivo RPET en etiqueta.<\/p>","protected":false},"excerpt":{"rendered":"<p>5 Piezas. Funda Poli\u00e9ster RPET<\/p>","protected":false},"featured_media":86233,"comment_status":"open","ping_status":"open","template":"","meta":{"inline_featured_image":false},"product_brand":[],"product_cat":[122,101,102,98],"product_tag":[],"class_list":{"0":"post-38984","1":"product","2":"type-product","3":"status-publish","4":"has-post-thumbnail","6":"product_cat-articulos-sostenibles","7":"product_cat-deporte-y-aventura","8":"product_cat-ocio-y-tiempo-libre","9":"product_cat-take-away","11":"first","12":"instock","13":"taxable","14":"shipping-taxable","15":"purchasable","16":"product-type-variable","17":"has-default-attributes"},"aioseo_notices":[],"_links":{"self":[{"href":"https:\/\/imprimeideas.es\/en\/wp-json\/wp\/v2\/product\/38984","targetHints":{"allow":["GET"]}}],"collection":[{"href":"https:\/\/imprimeideas.es\/en\/wp-json\/wp\/v2\/product"}],"about":[{"href":"https:\/\/imprimeideas.es\/en\/wp-json\/wp\/v2\/types\/product"}],"replies":[{"embeddable":true,"href":"https:\/\/imprimeideas.es\/en\/wp-json\/wp\/v2\/comments?post=38984"}],"version-history":[{"count":1,"href":"https:\/\/imprimeideas.es\/en\/wp-json\/wp\/v2\/product\/38984\/revisions"}],"predecessor-version":[{"id":54097,"href":"https:\/\/imprimeideas.es\/en\/wp-json\/wp\/v2\/product\/38984\/revisions\/54097"}],"wp:featuredmedia":[{"embeddable":true,"href":"https:\/\/imprimeideas.es\/en\/wp-json\/wp\/v2\/media\/86233"}],"wp:attachment":[{"href":"https:\/\/imprimeideas.es\/en\/wp-json\/wp\/v2\/media?parent=38984"}],"wp:term":[{"taxonomy":"product_brand","embeddable":true,"href":"https:\/\/imprimeideas.es\/en\/wp-json\/wp\/v2\/product_brand?post=38984"},{"taxonomy":"product_cat","embeddable":true,"href":"https:\/\/imprimeideas.es\/en\/wp-json\/wp\/v2\/product_cat?post=38984"},{"taxonomy":"product_tag","embeddable":true,"href":"https:\/\/imprimeideas.es\/en\/wp-json\/wp\/v2\/product_tag?post=38984"}],"curies":[{"name":"wp","href":"https:\/\/api.w.org\/{rel}","templated":true}]}}