{"id":38970,"date":"2026-02-24T11:18:02","date_gmt":"2026-02-24T10:18:02","guid":{"rendered":"https:\/\/imprimeideas.es\/?post_type=product&p=38970"},"modified":"2026-02-26T18:28:04","modified_gmt":"2026-02-26T17:28:04","slug":"bidon-guiver","status":"publish","type":"product","link":"https:\/\/imprimeideas.es\/en\/product\/bidon-guiver\/","title":{"rendered":"Bid\u00f3n Guiver"},"content":{"rendered":"<p>Bid\u00f3n de l\u00ednea nature, en combinaci\u00f3n de materiales acero inox de acabado mate y bamb\u00fa. 750ml de capacidad, con tap\u00f3n de seguridad y presentado en atractiva caja de dise\u00f1o eco.<\/p>","protected":false},"excerpt":{"rendered":"<p>750 ml<\/p>","protected":false},"featured_media":75199,"comment_status":"open","ping_status":"open","template":"","meta":{"inline_featured_image":false},"product_brand":[],"product_cat":[122,97],"product_tag":[],"class_list":{"0":"post-38970","1":"product","2":"type-product","3":"status-publish","4":"has-post-thumbnail","6":"product_cat-articulos-sostenibles","7":"product_cat-tazas-jarras-y-termos","9":"first","10":"instock","11":"taxable","12":"shipping-taxable","13":"purchasable","14":"product-type-variable","15":"has-default-attributes"},"aioseo_notices":[],"_links":{"self":[{"href":"https:\/\/imprimeideas.es\/en\/wp-json\/wp\/v2\/product\/38970","targetHints":{"allow":["GET"]}}],"collection":[{"href":"https:\/\/imprimeideas.es\/en\/wp-json\/wp\/v2\/product"}],"about":[{"href":"https:\/\/imprimeideas.es\/en\/wp-json\/wp\/v2\/types\/product"}],"replies":[{"embeddable":true,"href":"https:\/\/imprimeideas.es\/en\/wp-json\/wp\/v2\/comments?post=38970"}],"version-history":[{"count":1,"href":"https:\/\/imprimeideas.es\/en\/wp-json\/wp\/v2\/product\/38970\/revisions"}],"predecessor-version":[{"id":54090,"href":"https:\/\/imprimeideas.es\/en\/wp-json\/wp\/v2\/product\/38970\/revisions\/54090"}],"wp:featuredmedia":[{"embeddable":true,"href":"https:\/\/imprimeideas.es\/en\/wp-json\/wp\/v2\/media\/75199"}],"wp:attachment":[{"href":"https:\/\/imprimeideas.es\/en\/wp-json\/wp\/v2\/media?parent=38970"}],"wp:term":[{"taxonomy":"product_brand","embeddable":true,"href":"https:\/\/imprimeideas.es\/en\/wp-json\/wp\/v2\/product_brand?post=38970"},{"taxonomy":"product_cat","embeddable":true,"href":"https:\/\/imprimeideas.es\/en\/wp-json\/wp\/v2\/product_cat?post=38970"},{"taxonomy":"product_tag","embeddable":true,"href":"https:\/\/imprimeideas.es\/en\/wp-json\/wp\/v2\/product_tag?post=38970"}],"curies":[{"name":"wp","href":"https:\/\/api.w.org\/{rel}","templated":true}]}}