{"id":38940,"date":"2026-02-24T11:17:34","date_gmt":"2026-02-24T10:17:34","guid":{"rendered":"https:\/\/imprimeideas.es\/?post_type=product&p=38940"},"modified":"2026-02-26T18:37:30","modified_gmt":"2026-02-26T17:37:30","slug":"bidon-krobus","status":"publish","type":"product","link":"https:\/\/imprimeideas.es\/en\/product\/bidon-krobus\/","title":{"rendered":"Bid\u00f3n Krobus"},"content":{"rendered":"<p>Bid\u00f3n en alta calidad, de 550ml de capacidad. Fabricado en cristal de borosilicato, que ofrece una resistencia y durabilidad excepcionales, alargando su vida \u00fatil y pudiendo ser reutilizado infinidad de veces. Tap\u00f3n en acero inox, libre de BPA. Presentado en atractiva caja de dise\u00f1o.<\/p>","protected":false},"excerpt":{"rendered":"<p>550 ml<\/p>","protected":false},"featured_media":85426,"comment_status":"open","ping_status":"open","template":"","meta":{"inline_featured_image":false},"product_brand":[],"product_cat":[97],"product_tag":[],"class_list":{"0":"post-38940","1":"product","2":"type-product","3":"status-publish","4":"has-post-thumbnail","6":"product_cat-tazas-jarras-y-termos","8":"first","9":"instock","10":"taxable","11":"shipping-taxable","12":"purchasable","13":"product-type-variable","14":"has-default-attributes"},"aioseo_notices":[],"_links":{"self":[{"href":"https:\/\/imprimeideas.es\/en\/wp-json\/wp\/v2\/product\/38940","targetHints":{"allow":["GET"]}}],"collection":[{"href":"https:\/\/imprimeideas.es\/en\/wp-json\/wp\/v2\/product"}],"about":[{"href":"https:\/\/imprimeideas.es\/en\/wp-json\/wp\/v2\/types\/product"}],"replies":[{"embeddable":true,"href":"https:\/\/imprimeideas.es\/en\/wp-json\/wp\/v2\/comments?post=38940"}],"version-history":[{"count":1,"href":"https:\/\/imprimeideas.es\/en\/wp-json\/wp\/v2\/product\/38940\/revisions"}],"predecessor-version":[{"id":54087,"href":"https:\/\/imprimeideas.es\/en\/wp-json\/wp\/v2\/product\/38940\/revisions\/54087"}],"wp:featuredmedia":[{"embeddable":true,"href":"https:\/\/imprimeideas.es\/en\/wp-json\/wp\/v2\/media\/85426"}],"wp:attachment":[{"href":"https:\/\/imprimeideas.es\/en\/wp-json\/wp\/v2\/media?parent=38940"}],"wp:term":[{"taxonomy":"product_brand","embeddable":true,"href":"https:\/\/imprimeideas.es\/en\/wp-json\/wp\/v2\/product_brand?post=38940"},{"taxonomy":"product_cat","embeddable":true,"href":"https:\/\/imprimeideas.es\/en\/wp-json\/wp\/v2\/product_cat?post=38940"},{"taxonomy":"product_tag","embeddable":true,"href":"https:\/\/imprimeideas.es\/en\/wp-json\/wp\/v2\/product_tag?post=38940"}],"curies":[{"name":"wp","href":"https:\/\/api.w.org\/{rel}","templated":true}]}}