{"id":38936,"date":"2026-02-24T11:17:33","date_gmt":"2026-02-24T10:17:33","guid":{"rendered":"https:\/\/imprimeideas.es\/?post_type=product&p=38936"},"modified":"2026-02-26T18:19:14","modified_gmt":"2026-02-26T17:19:14","slug":"vaso-termico-zirgul","status":"publish","type":"product","link":"https:\/\/imprimeideas.es\/en\/product\/vaso-termico-zirgul\/","title":{"rendered":"Vaso T\u00e9rmico Zirgul"},"content":{"rendered":"<p>Vaso t\u00e9rmico de sobremesa fabricado en acero inox, de 160ml de capacidad. Incluye tapa con dosificador y abref\u00e1cil. Disponible en variada gama de colores metalizados. Presentada en atractiva caja de dise\u00f1o.<\/p>","protected":false},"excerpt":{"rendered":"<p>160 ml<\/p>","protected":false},"featured_media":82366,"comment_status":"open","ping_status":"open","template":"","meta":{"inline_featured_image":false},"product_brand":[],"product_cat":[97],"product_tag":[],"class_list":{"0":"post-38936","1":"product","2":"type-product","3":"status-publish","4":"has-post-thumbnail","6":"product_cat-tazas-jarras-y-termos","8":"first","9":"instock","10":"taxable","11":"shipping-taxable","12":"purchasable","13":"product-type-variable","14":"has-default-attributes"},"aioseo_notices":[],"_links":{"self":[{"href":"https:\/\/imprimeideas.es\/en\/wp-json\/wp\/v2\/product\/38936","targetHints":{"allow":["GET"]}}],"collection":[{"href":"https:\/\/imprimeideas.es\/en\/wp-json\/wp\/v2\/product"}],"about":[{"href":"https:\/\/imprimeideas.es\/en\/wp-json\/wp\/v2\/types\/product"}],"replies":[{"embeddable":true,"href":"https:\/\/imprimeideas.es\/en\/wp-json\/wp\/v2\/comments?post=38936"}],"version-history":[{"count":1,"href":"https:\/\/imprimeideas.es\/en\/wp-json\/wp\/v2\/product\/38936\/revisions"}],"predecessor-version":[{"id":54086,"href":"https:\/\/imprimeideas.es\/en\/wp-json\/wp\/v2\/product\/38936\/revisions\/54086"}],"wp:featuredmedia":[{"embeddable":true,"href":"https:\/\/imprimeideas.es\/en\/wp-json\/wp\/v2\/media\/82366"}],"wp:attachment":[{"href":"https:\/\/imprimeideas.es\/en\/wp-json\/wp\/v2\/media?parent=38936"}],"wp:term":[{"taxonomy":"product_brand","embeddable":true,"href":"https:\/\/imprimeideas.es\/en\/wp-json\/wp\/v2\/product_brand?post=38936"},{"taxonomy":"product_cat","embeddable":true,"href":"https:\/\/imprimeideas.es\/en\/wp-json\/wp\/v2\/product_cat?post=38936"},{"taxonomy":"product_tag","embeddable":true,"href":"https:\/\/imprimeideas.es\/en\/wp-json\/wp\/v2\/product_tag?post=38936"}],"curies":[{"name":"wp","href":"https:\/\/api.w.org\/{rel}","templated":true}]}}