{"id":38911,"date":"2026-02-24T11:17:31","date_gmt":"2026-02-24T10:17:31","guid":{"rendered":"https:\/\/imprimeideas.es\/?post_type=product&p=38911"},"modified":"2026-02-26T18:32:58","modified_gmt":"2026-02-26T17:32:58","slug":"portadocumentos-derek","status":"publish","type":"product","link":"https:\/\/imprimeideas.es\/en\/product\/portadocumentos-derek\/","title":{"rendered":"Portadocumentos Derek"},"content":{"rendered":"<p>Portadocumentos de l\u00ednea nature y en resistente poli\u00e9ster 600D RPET reciclado y libre de PVC, fruto de la combinaci\u00f3n del proceso de reciclaje de materiales pl\u00e1sticos junto con la t\u00e9cnica milenaria de fabricaci\u00f3n del fieltro, dando como resultado un material de eco-tendencia de origen reciclado. Con acolchado y bolsillo principal con tiras de cierre de hebilla bolsillo interior de cierre de cremallera y cinta bandolera ajustable para hombro. Con asa de transporte reforzada y accesorio en parte posterior para ajuste en barra de trollley. Resistencia hasta 7kg, con distintivo RPET en etiqueta exterior.<\/p>","protected":false},"excerpt":{"rendered":"<p>Acolchado<\/p>","protected":false},"featured_media":61658,"comment_status":"open","ping_status":"open","template":"","meta":{"inline_featured_image":false},"product_brand":[],"product_cat":[122,94,96],"product_tag":[],"class_list":{"0":"post-38911","1":"product","2":"type-product","3":"status-publish","4":"has-post-thumbnail","6":"product_cat-articulos-sostenibles","7":"product_cat-mochilas","8":"product_cat-oficina-y-negocios","10":"first","11":"instock","12":"taxable","13":"shipping-taxable","14":"purchasable","15":"product-type-variable","16":"has-default-attributes"},"aioseo_notices":[],"_links":{"self":[{"href":"https:\/\/imprimeideas.es\/en\/wp-json\/wp\/v2\/product\/38911","targetHints":{"allow":["GET"]}}],"collection":[{"href":"https:\/\/imprimeideas.es\/en\/wp-json\/wp\/v2\/product"}],"about":[{"href":"https:\/\/imprimeideas.es\/en\/wp-json\/wp\/v2\/types\/product"}],"replies":[{"embeddable":true,"href":"https:\/\/imprimeideas.es\/en\/wp-json\/wp\/v2\/comments?post=38911"}],"version-history":[{"count":1,"href":"https:\/\/imprimeideas.es\/en\/wp-json\/wp\/v2\/product\/38911\/revisions"}],"predecessor-version":[{"id":54081,"href":"https:\/\/imprimeideas.es\/en\/wp-json\/wp\/v2\/product\/38911\/revisions\/54081"}],"wp:featuredmedia":[{"embeddable":true,"href":"https:\/\/imprimeideas.es\/en\/wp-json\/wp\/v2\/media\/61658"}],"wp:attachment":[{"href":"https:\/\/imprimeideas.es\/en\/wp-json\/wp\/v2\/media?parent=38911"}],"wp:term":[{"taxonomy":"product_brand","embeddable":true,"href":"https:\/\/imprimeideas.es\/en\/wp-json\/wp\/v2\/product_brand?post=38911"},{"taxonomy":"product_cat","embeddable":true,"href":"https:\/\/imprimeideas.es\/en\/wp-json\/wp\/v2\/product_cat?post=38911"},{"taxonomy":"product_tag","embeddable":true,"href":"https:\/\/imprimeideas.es\/en\/wp-json\/wp\/v2\/product_tag?post=38911"}],"curies":[{"name":"wp","href":"https:\/\/api.w.org\/{rel}","templated":true}]}}