{"id":38894,"date":"2026-02-24T11:17:30","date_gmt":"2026-02-24T10:17:30","guid":{"rendered":"https:\/\/imprimeideas.es\/?post_type=product&p=38894"},"modified":"2026-02-26T18:28:03","modified_gmt":"2026-02-26T17:28:03","slug":"mochila-plegable-brocky","status":"publish","type":"product","link":"https:\/\/imprimeideas.es\/en\/product\/mochila-plegable-brocky\/","title":{"rendered":"Mochila Plegable Brocky"},"content":{"rendered":"<p>Mochila plegable en suave poli\u00e9ster 201D RPET, elaborado a partir de pl\u00e1stico reciclado, para as\u00ed fomentar la reutilizaci\u00f3n de residuos pl\u00e1sticos y ayudar a la sostenibilidad del planeta. Con cierre de cremallera y bolsillo frontal. Esquinas reforzadas, cintas de hombros regulables y accesorios en color gris. Plegado de peque\u00f1o tama\u00f1o, con cinta de transporte y disponible en variada gama de colores. Distintivo RPET en etiqueta.<\/p>","protected":false},"excerpt":{"rendered":"<p>Mochila plegable en suave poli\u00e9ster 201D RPET, elaborado a partir de pl\u00e1stico reciclado, para as\u00ed fomentar la reutilizaci\u00f3n de residuos<\/p>","protected":false},"featured_media":69291,"comment_status":"open","ping_status":"open","template":"","meta":{"inline_featured_image":false},"product_brand":[],"product_cat":[122,94],"product_tag":[],"class_list":{"0":"post-38894","1":"product","2":"type-product","3":"status-publish","4":"has-post-thumbnail","6":"product_cat-articulos-sostenibles","7":"product_cat-mochilas","9":"first","10":"instock","11":"taxable","12":"shipping-taxable","13":"purchasable","14":"product-type-variable","15":"has-default-attributes"},"aioseo_notices":[],"_links":{"self":[{"href":"https:\/\/imprimeideas.es\/en\/wp-json\/wp\/v2\/product\/38894","targetHints":{"allow":["GET"]}}],"collection":[{"href":"https:\/\/imprimeideas.es\/en\/wp-json\/wp\/v2\/product"}],"about":[{"href":"https:\/\/imprimeideas.es\/en\/wp-json\/wp\/v2\/types\/product"}],"replies":[{"embeddable":true,"href":"https:\/\/imprimeideas.es\/en\/wp-json\/wp\/v2\/comments?post=38894"}],"version-history":[{"count":1,"href":"https:\/\/imprimeideas.es\/en\/wp-json\/wp\/v2\/product\/38894\/revisions"}],"predecessor-version":[{"id":54078,"href":"https:\/\/imprimeideas.es\/en\/wp-json\/wp\/v2\/product\/38894\/revisions\/54078"}],"wp:featuredmedia":[{"embeddable":true,"href":"https:\/\/imprimeideas.es\/en\/wp-json\/wp\/v2\/media\/69291"}],"wp:attachment":[{"href":"https:\/\/imprimeideas.es\/en\/wp-json\/wp\/v2\/media?parent=38894"}],"wp:term":[{"taxonomy":"product_brand","embeddable":true,"href":"https:\/\/imprimeideas.es\/en\/wp-json\/wp\/v2\/product_brand?post=38894"},{"taxonomy":"product_cat","embeddable":true,"href":"https:\/\/imprimeideas.es\/en\/wp-json\/wp\/v2\/product_cat?post=38894"},{"taxonomy":"product_tag","embeddable":true,"href":"https:\/\/imprimeideas.es\/en\/wp-json\/wp\/v2\/product_tag?post=38894"}],"curies":[{"name":"wp","href":"https:\/\/api.w.org\/{rel}","templated":true}]}}