{"id":38890,"date":"2026-02-24T11:17:29","date_gmt":"2026-02-24T10:17:29","guid":{"rendered":"https:\/\/imprimeideas.es\/?post_type=product&p=38890"},"modified":"2026-02-26T18:19:11","modified_gmt":"2026-02-26T17:19:11","slug":"mochila-budley","status":"publish","type":"product","link":"https:\/\/imprimeideas.es\/en\/product\/mochila-budley\/","title":{"rendered":"Mochila Budley"},"content":{"rendered":"<p>Mochila urban de l\u00ednea nature, fabricada en resistente poli\u00e9ster 300D RPET libre de PVC, elaborado a partir de pl\u00e1stico reciclado, para as\u00ed fomentar la reutilizaci\u00f3n de residuos pl\u00e1sticos y contribuir a la sostenibilidad del planeta. Bolsillo principal con tiras y cierres de hebilla met\u00e1licos con bolsillo frontal de cremallera y tirador met\u00e1lico. Interior con bolsillo acolchado para port\u00e1til de hasta 15 pulgadas y tablet de hasta 10 pulgadas. Cintas ajustables para hombro acolchadas, con distintivo RPET en etiqueta exterior.<\/p>","protected":false},"excerpt":{"rendered":"<p>Acolchada. Bolsillo Acolchado para Port\u00e1til y Tablet<\/p>","protected":false},"featured_media":39206,"comment_status":"open","ping_status":"open","template":"","meta":{"inline_featured_image":false},"product_brand":[],"product_cat":[122,94,96],"product_tag":[],"class_list":{"0":"post-38890","1":"product","2":"type-product","3":"status-publish","4":"has-post-thumbnail","6":"product_cat-articulos-sostenibles","7":"product_cat-mochilas","8":"product_cat-oficina-y-negocios","10":"first","11":"instock","12":"taxable","13":"shipping-taxable","14":"purchasable","15":"product-type-variable","16":"has-default-attributes"},"aioseo_notices":[],"_links":{"self":[{"href":"https:\/\/imprimeideas.es\/en\/wp-json\/wp\/v2\/product\/38890","targetHints":{"allow":["GET"]}}],"collection":[{"href":"https:\/\/imprimeideas.es\/en\/wp-json\/wp\/v2\/product"}],"about":[{"href":"https:\/\/imprimeideas.es\/en\/wp-json\/wp\/v2\/types\/product"}],"replies":[{"embeddable":true,"href":"https:\/\/imprimeideas.es\/en\/wp-json\/wp\/v2\/comments?post=38890"}],"version-history":[{"count":1,"href":"https:\/\/imprimeideas.es\/en\/wp-json\/wp\/v2\/product\/38890\/revisions"}],"predecessor-version":[{"id":54077,"href":"https:\/\/imprimeideas.es\/en\/wp-json\/wp\/v2\/product\/38890\/revisions\/54077"}],"wp:featuredmedia":[{"embeddable":true,"href":"https:\/\/imprimeideas.es\/en\/wp-json\/wp\/v2\/media\/39206"}],"wp:attachment":[{"href":"https:\/\/imprimeideas.es\/en\/wp-json\/wp\/v2\/media?parent=38890"}],"wp:term":[{"taxonomy":"product_brand","embeddable":true,"href":"https:\/\/imprimeideas.es\/en\/wp-json\/wp\/v2\/product_brand?post=38890"},{"taxonomy":"product_cat","embeddable":true,"href":"https:\/\/imprimeideas.es\/en\/wp-json\/wp\/v2\/product_cat?post=38890"},{"taxonomy":"product_tag","embeddable":true,"href":"https:\/\/imprimeideas.es\/en\/wp-json\/wp\/v2\/product_tag?post=38890"}],"curies":[{"name":"wp","href":"https:\/\/api.w.org\/{rel}","templated":true}]}}