{"id":38879,"date":"2026-02-24T11:17:28","date_gmt":"2026-02-24T10:17:28","guid":{"rendered":"https:\/\/imprimeideas.es\/?post_type=product&p=38879"},"modified":"2026-02-25T19:52:13","modified_gmt":"2026-02-25T18:52:13","slug":"cinta-sombrero-cottonband","status":"publish","type":"product","link":"https:\/\/imprimeideas.es\/en\/product\/cinta-sombrero-cottonband\/","title":{"rendered":"Cinta Sombrero Cottonband"},"content":{"rendered":"<p>Cinta exterior para sombrero de l\u00ednea nature. Fabricada en 100% algod\u00f3n reciclado y con certificaci\u00f3n GRS (Global Recycled Standard \/ Est\u00e1ndar de Reciclaje Global), que garantiza el origen reciclado del material usado para fabricar el producto.<\/p>","protected":false},"excerpt":{"rendered":"<p>Cinta exterior para sombrero de l\u00ednea nature. Fabricada en 100% algod\u00f3n reciclado y con certificaci\u00f3n GRS (Global Recycled Standard \/<\/p>","protected":false},"featured_media":81153,"comment_status":"open","ping_status":"open","template":"","meta":{"inline_featured_image":false},"product_brand":[],"product_cat":[122,112],"product_tag":[],"class_list":{"0":"post-38879","1":"product","2":"type-product","3":"status-publish","4":"has-post-thumbnail","6":"product_cat-articulos-sostenibles","7":"product_cat-gorras-y-sombreros","9":"first","10":"outofstock","11":"taxable","12":"shipping-taxable","13":"purchasable","14":"product-type-variable","15":"has-default-attributes"},"aioseo_notices":[],"_links":{"self":[{"href":"https:\/\/imprimeideas.es\/en\/wp-json\/wp\/v2\/product\/38879","targetHints":{"allow":["GET"]}}],"collection":[{"href":"https:\/\/imprimeideas.es\/en\/wp-json\/wp\/v2\/product"}],"about":[{"href":"https:\/\/imprimeideas.es\/en\/wp-json\/wp\/v2\/types\/product"}],"replies":[{"embeddable":true,"href":"https:\/\/imprimeideas.es\/en\/wp-json\/wp\/v2\/comments?post=38879"}],"version-history":[{"count":1,"href":"https:\/\/imprimeideas.es\/en\/wp-json\/wp\/v2\/product\/38879\/revisions"}],"predecessor-version":[{"id":54074,"href":"https:\/\/imprimeideas.es\/en\/wp-json\/wp\/v2\/product\/38879\/revisions\/54074"}],"wp:featuredmedia":[{"embeddable":true,"href":"https:\/\/imprimeideas.es\/en\/wp-json\/wp\/v2\/media\/81153"}],"wp:attachment":[{"href":"https:\/\/imprimeideas.es\/en\/wp-json\/wp\/v2\/media?parent=38879"}],"wp:term":[{"taxonomy":"product_brand","embeddable":true,"href":"https:\/\/imprimeideas.es\/en\/wp-json\/wp\/v2\/product_brand?post=38879"},{"taxonomy":"product_cat","embeddable":true,"href":"https:\/\/imprimeideas.es\/en\/wp-json\/wp\/v2\/product_cat?post=38879"},{"taxonomy":"product_tag","embeddable":true,"href":"https:\/\/imprimeideas.es\/en\/wp-json\/wp\/v2\/product_tag?post=38879"}],"curies":[{"name":"wp","href":"https:\/\/api.w.org\/{rel}","templated":true}]}}