{"id":38859,"date":"2026-02-24T11:17:27","date_gmt":"2026-02-24T10:17:27","guid":{"rendered":"https:\/\/imprimeideas.es\/?post_type=product&p=38859"},"modified":"2026-02-25T15:48:23","modified_gmt":"2026-02-25T14:48:23","slug":"domino-landers","status":"publish","type":"product","link":"https:\/\/imprimeideas.es\/en\/product\/domino-landers\/","title":{"rendered":"Domin\u00f3 Landers"},"content":{"rendered":"<p>Domin\u00f3 cl\u00e1sico de 28 piezas fabricadas en resistente melamina. Presentado en estuche individual de bamb\u00fa lacado, con cierre imantado. Presentado en atractiva caja individual de dise\u00f1o.<\/p>","protected":false},"excerpt":{"rendered":"<p>28 Piezas<\/p>","protected":false},"featured_media":75100,"comment_status":"open","ping_status":"open","template":"","meta":{"inline_featured_image":false},"product_brand":[],"product_cat":[122,106],"product_tag":[],"class_list":{"0":"post-38859","1":"product","2":"type-product","3":"status-publish","4":"has-post-thumbnail","6":"product_cat-articulos-sostenibles","7":"product_cat-regalos-y-premiums","9":"first","10":"outofstock","11":"taxable","12":"shipping-taxable","13":"purchasable","14":"product-type-variable","15":"has-default-attributes"},"aioseo_notices":[],"_links":{"self":[{"href":"https:\/\/imprimeideas.es\/en\/wp-json\/wp\/v2\/product\/38859","targetHints":{"allow":["GET"]}}],"collection":[{"href":"https:\/\/imprimeideas.es\/en\/wp-json\/wp\/v2\/product"}],"about":[{"href":"https:\/\/imprimeideas.es\/en\/wp-json\/wp\/v2\/types\/product"}],"replies":[{"embeddable":true,"href":"https:\/\/imprimeideas.es\/en\/wp-json\/wp\/v2\/comments?post=38859"}],"version-history":[{"count":1,"href":"https:\/\/imprimeideas.es\/en\/wp-json\/wp\/v2\/product\/38859\/revisions"}],"predecessor-version":[{"id":54068,"href":"https:\/\/imprimeideas.es\/en\/wp-json\/wp\/v2\/product\/38859\/revisions\/54068"}],"wp:featuredmedia":[{"embeddable":true,"href":"https:\/\/imprimeideas.es\/en\/wp-json\/wp\/v2\/media\/75100"}],"wp:attachment":[{"href":"https:\/\/imprimeideas.es\/en\/wp-json\/wp\/v2\/media?parent=38859"}],"wp:term":[{"taxonomy":"product_brand","embeddable":true,"href":"https:\/\/imprimeideas.es\/en\/wp-json\/wp\/v2\/product_brand?post=38859"},{"taxonomy":"product_cat","embeddable":true,"href":"https:\/\/imprimeideas.es\/en\/wp-json\/wp\/v2\/product_cat?post=38859"},{"taxonomy":"product_tag","embeddable":true,"href":"https:\/\/imprimeideas.es\/en\/wp-json\/wp\/v2\/product_tag?post=38859"}],"curies":[{"name":"wp","href":"https:\/\/api.w.org\/{rel}","templated":true}]}}