{"id":38857,"date":"2026-02-24T11:17:27","date_gmt":"2026-02-24T10:17:27","guid":{"rendered":"https:\/\/imprimeideas.es\/?post_type=product&p=38857"},"modified":"2026-02-26T18:37:36","modified_gmt":"2026-02-26T17:37:36","slug":"llavero-cruffid","status":"publish","type":"product","link":"https:\/\/imprimeideas.es\/en\/product\/llavero-cruffid\/","title":{"rendered":"Llavero Cruffid"},"content":{"rendered":"<p>Llavero flotante de l\u00ednea nature, fabricado en en corcho natural, fomentando la utilizaci\u00f3n de materiales naturales y as\u00ed ayudar a la sostenibilidad del planeta. Con cord\u00f3n de poli\u00e9ster y anilla met\u00e1lica.<\/p>","protected":false},"excerpt":{"rendered":"<p>Llavero flotante de l\u00ednea nature, fabricado en en corcho natural, fomentando la utilizaci\u00f3n de materiales naturales y as\u00ed ayudar a<\/p>","protected":false},"featured_media":78721,"comment_status":"open","ping_status":"open","template":"","meta":{"inline_featured_image":false},"product_brand":[],"product_cat":[122,106],"product_tag":[],"class_list":{"0":"post-38857","1":"product","2":"type-product","3":"status-publish","4":"has-post-thumbnail","6":"product_cat-articulos-sostenibles","7":"product_cat-regalos-y-premiums","9":"first","10":"instock","11":"taxable","12":"shipping-taxable","13":"purchasable","14":"product-type-variable","15":"has-default-attributes"},"aioseo_notices":[],"_links":{"self":[{"href":"https:\/\/imprimeideas.es\/en\/wp-json\/wp\/v2\/product\/38857","targetHints":{"allow":["GET"]}}],"collection":[{"href":"https:\/\/imprimeideas.es\/en\/wp-json\/wp\/v2\/product"}],"about":[{"href":"https:\/\/imprimeideas.es\/en\/wp-json\/wp\/v2\/types\/product"}],"replies":[{"embeddable":true,"href":"https:\/\/imprimeideas.es\/en\/wp-json\/wp\/v2\/comments?post=38857"}],"version-history":[{"count":1,"href":"https:\/\/imprimeideas.es\/en\/wp-json\/wp\/v2\/product\/38857\/revisions"}],"predecessor-version":[{"id":54067,"href":"https:\/\/imprimeideas.es\/en\/wp-json\/wp\/v2\/product\/38857\/revisions\/54067"}],"wp:featuredmedia":[{"embeddable":true,"href":"https:\/\/imprimeideas.es\/en\/wp-json\/wp\/v2\/media\/78721"}],"wp:attachment":[{"href":"https:\/\/imprimeideas.es\/en\/wp-json\/wp\/v2\/media?parent=38857"}],"wp:term":[{"taxonomy":"product_brand","embeddable":true,"href":"https:\/\/imprimeideas.es\/en\/wp-json\/wp\/v2\/product_brand?post=38857"},{"taxonomy":"product_cat","embeddable":true,"href":"https:\/\/imprimeideas.es\/en\/wp-json\/wp\/v2\/product_cat?post=38857"},{"taxonomy":"product_tag","embeddable":true,"href":"https:\/\/imprimeideas.es\/en\/wp-json\/wp\/v2\/product_tag?post=38857"}],"curies":[{"name":"wp","href":"https:\/\/api.w.org\/{rel}","templated":true}]}}