{"id":38839,"date":"2026-02-24T11:17:25","date_gmt":"2026-02-24T10:17:25","guid":{"rendered":"https:\/\/imprimeideas.es\/?post_type=product&p=38839"},"modified":"2026-02-26T18:37:28","modified_gmt":"2026-02-26T17:37:28","slug":"proteccion-solar-cretus","status":"publish","type":"product","link":"https:\/\/imprimeideas.es\/en\/product\/proteccion-solar-cretus\/","title":{"rendered":"Protecci\u00f3n Solar Cretus"},"content":{"rendered":"<p>Crema de protecci\u00f3n solar factor 30. Presentada en pr\u00e1ctico bote de 30ml y acabado frosted. Disponible en variada gama de colores, con mosquet\u00f3n de transporte a juego.<\/p>","protected":false},"excerpt":{"rendered":"<p>30 ml. SPF30<\/p>","protected":false},"featured_media":84877,"comment_status":"open","ping_status":"open","template":"","meta":{"inline_featured_image":false},"product_brand":[],"product_cat":[114],"product_tag":[],"class_list":{"0":"post-38839","1":"product","2":"type-product","3":"status-publish","4":"has-post-thumbnail","6":"product_cat-verano-y-playa","8":"first","9":"instock","10":"taxable","11":"shipping-taxable","12":"purchasable","13":"product-type-variable","14":"has-default-attributes"},"aioseo_notices":[],"_links":{"self":[{"href":"https:\/\/imprimeideas.es\/en\/wp-json\/wp\/v2\/product\/38839","targetHints":{"allow":["GET"]}}],"collection":[{"href":"https:\/\/imprimeideas.es\/en\/wp-json\/wp\/v2\/product"}],"about":[{"href":"https:\/\/imprimeideas.es\/en\/wp-json\/wp\/v2\/types\/product"}],"replies":[{"embeddable":true,"href":"https:\/\/imprimeideas.es\/en\/wp-json\/wp\/v2\/comments?post=38839"}],"version-history":[{"count":1,"href":"https:\/\/imprimeideas.es\/en\/wp-json\/wp\/v2\/product\/38839\/revisions"}],"predecessor-version":[{"id":54062,"href":"https:\/\/imprimeideas.es\/en\/wp-json\/wp\/v2\/product\/38839\/revisions\/54062"}],"wp:featuredmedia":[{"embeddable":true,"href":"https:\/\/imprimeideas.es\/en\/wp-json\/wp\/v2\/media\/84877"}],"wp:attachment":[{"href":"https:\/\/imprimeideas.es\/en\/wp-json\/wp\/v2\/media?parent=38839"}],"wp:term":[{"taxonomy":"product_brand","embeddable":true,"href":"https:\/\/imprimeideas.es\/en\/wp-json\/wp\/v2\/product_brand?post=38839"},{"taxonomy":"product_cat","embeddable":true,"href":"https:\/\/imprimeideas.es\/en\/wp-json\/wp\/v2\/product_cat?post=38839"},{"taxonomy":"product_tag","embeddable":true,"href":"https:\/\/imprimeideas.es\/en\/wp-json\/wp\/v2\/product_tag?post=38839"}],"curies":[{"name":"wp","href":"https:\/\/api.w.org\/{rel}","templated":true}]}}