{"id":38828,"date":"2026-02-24T11:17:24","date_gmt":"2026-02-24T10:17:24","guid":{"rendered":"https:\/\/imprimeideas.es\/?post_type=product&p=38828"},"modified":"2026-02-26T18:42:37","modified_gmt":"2026-02-26T17:42:37","slug":"bowl-plegable-poppy","status":"publish","type":"product","link":"https:\/\/imprimeideas.es\/en\/product\/bowl-plegable-poppy\/","title":{"rendered":"Bowl Plegable Poppy"},"content":{"rendered":"<p>Bowl plegable para mascotas de 1,3l de capacidad, con exterior en resistente papel reciclado laminado de 270g\/m2. Interior en poli\u00e9ster RPET, elaborado a partir de pl\u00e1stico reciclado, para as\u00ed fomentar la reutilizaci\u00f3n de residuos pl\u00e1sticos y ayudar a la sostenibilidad del planeta. Apto para s\u00f3lidos y l\u00edquidos.<\/p>","protected":false},"excerpt":{"rendered":"<p>Bowl plegable para mascotas de 1,3l de capacidad, con exterior en resistente papel reciclado laminado de 270g\/m2. Interior en poli\u00e9ster<\/p>","protected":false},"featured_media":75620,"comment_status":"open","ping_status":"open","template":"","meta":{"inline_featured_image":false},"product_brand":[],"product_cat":[122,109],"product_tag":[],"class_list":{"0":"post-38828","1":"product","2":"type-product","3":"status-publish","4":"has-post-thumbnail","6":"product_cat-articulos-sostenibles","7":"product_cat-productos-para-mascotas","9":"first","10":"instock","11":"taxable","12":"shipping-taxable","13":"purchasable","14":"product-type-variable","15":"has-default-attributes"},"aioseo_notices":[],"_links":{"self":[{"href":"https:\/\/imprimeideas.es\/en\/wp-json\/wp\/v2\/product\/38828","targetHints":{"allow":["GET"]}}],"collection":[{"href":"https:\/\/imprimeideas.es\/en\/wp-json\/wp\/v2\/product"}],"about":[{"href":"https:\/\/imprimeideas.es\/en\/wp-json\/wp\/v2\/types\/product"}],"replies":[{"embeddable":true,"href":"https:\/\/imprimeideas.es\/en\/wp-json\/wp\/v2\/comments?post=38828"}],"version-history":[{"count":1,"href":"https:\/\/imprimeideas.es\/en\/wp-json\/wp\/v2\/product\/38828\/revisions"}],"predecessor-version":[{"id":54057,"href":"https:\/\/imprimeideas.es\/en\/wp-json\/wp\/v2\/product\/38828\/revisions\/54057"}],"wp:featuredmedia":[{"embeddable":true,"href":"https:\/\/imprimeideas.es\/en\/wp-json\/wp\/v2\/media\/75620"}],"wp:attachment":[{"href":"https:\/\/imprimeideas.es\/en\/wp-json\/wp\/v2\/media?parent=38828"}],"wp:term":[{"taxonomy":"product_brand","embeddable":true,"href":"https:\/\/imprimeideas.es\/en\/wp-json\/wp\/v2\/product_brand?post=38828"},{"taxonomy":"product_cat","embeddable":true,"href":"https:\/\/imprimeideas.es\/en\/wp-json\/wp\/v2\/product_cat?post=38828"},{"taxonomy":"product_tag","embeddable":true,"href":"https:\/\/imprimeideas.es\/en\/wp-json\/wp\/v2\/product_tag?post=38828"}],"curies":[{"name":"wp","href":"https:\/\/api.w.org\/{rel}","templated":true}]}}