{"id":38822,"date":"2026-02-24T11:17:23","date_gmt":"2026-02-24T10:17:23","guid":{"rendered":"https:\/\/imprimeideas.es\/?post_type=product&p=38822"},"modified":"2026-02-26T18:32:54","modified_gmt":"2026-02-26T17:32:54","slug":"foulard-betty","status":"publish","type":"product","link":"https:\/\/imprimeideas.es\/en\/product\/foulard-betty\/","title":{"rendered":"Foulard Betty"},"content":{"rendered":"<p>Foulard fabricado en material 100% algod\u00f3n org\u00e1nico. Disponible en variada gama de colores, con funda de algod\u00f3n org\u00e1nico y cierre de cord\u00f3n a juego. Con etiqueta distintiva algod\u00f3n org\u00e1nico.<\/p>","protected":false},"excerpt":{"rendered":"<p>Funda Algod\u00f3n Org\u00e1nico<\/p>","protected":false},"featured_media":78370,"comment_status":"open","ping_status":"open","template":"","meta":{"inline_featured_image":false},"product_brand":[],"product_cat":[122,118,119],"product_tag":[],"class_list":{"0":"post-38822","1":"product","2":"type-product","3":"status-publish","4":"has-post-thumbnail","6":"product_cat-articulos-sostenibles","7":"product_cat-lluvia-y-frio","8":"product_cat-mujer","10":"first","11":"instock","12":"taxable","13":"shipping-taxable","14":"purchasable","15":"product-type-variable","16":"has-default-attributes"},"aioseo_notices":[],"_links":{"self":[{"href":"https:\/\/imprimeideas.es\/en\/wp-json\/wp\/v2\/product\/38822","targetHints":{"allow":["GET"]}}],"collection":[{"href":"https:\/\/imprimeideas.es\/en\/wp-json\/wp\/v2\/product"}],"about":[{"href":"https:\/\/imprimeideas.es\/en\/wp-json\/wp\/v2\/types\/product"}],"replies":[{"embeddable":true,"href":"https:\/\/imprimeideas.es\/en\/wp-json\/wp\/v2\/comments?post=38822"}],"version-history":[{"count":1,"href":"https:\/\/imprimeideas.es\/en\/wp-json\/wp\/v2\/product\/38822\/revisions"}],"predecessor-version":[{"id":54056,"href":"https:\/\/imprimeideas.es\/en\/wp-json\/wp\/v2\/product\/38822\/revisions\/54056"}],"wp:featuredmedia":[{"embeddable":true,"href":"https:\/\/imprimeideas.es\/en\/wp-json\/wp\/v2\/media\/78370"}],"wp:attachment":[{"href":"https:\/\/imprimeideas.es\/en\/wp-json\/wp\/v2\/media?parent=38822"}],"wp:term":[{"taxonomy":"product_brand","embeddable":true,"href":"https:\/\/imprimeideas.es\/en\/wp-json\/wp\/v2\/product_brand?post=38822"},{"taxonomy":"product_cat","embeddable":true,"href":"https:\/\/imprimeideas.es\/en\/wp-json\/wp\/v2\/product_cat?post=38822"},{"taxonomy":"product_tag","embeddable":true,"href":"https:\/\/imprimeideas.es\/en\/wp-json\/wp\/v2\/product_tag?post=38822"}],"curies":[{"name":"wp","href":"https:\/\/api.w.org\/{rel}","templated":true}]}}