{"id":38813,"date":"2026-02-24T11:17:23","date_gmt":"2026-02-24T10:17:23","guid":{"rendered":"https:\/\/imprimeideas.es\/?post_type=product&p=38813"},"modified":"2026-02-26T18:13:46","modified_gmt":"2026-02-26T17:13:46","slug":"identificador-sartal","status":"publish","type":"product","link":"https:\/\/imprimeideas.es\/en\/product\/identificador-sartal\/","title":{"rendered":"Identificador Sartal"},"content":{"rendered":"<p>Identificador de l\u00ednea nature fabricado en corcho natural, para as\u00ed fomentar la utilizaci\u00f3n de materias primas naturales y reducir las emisiones contaminantes. Fijaci\u00f3n de seguridad con imperdible en la parte trasera.<\/p>","protected":false},"excerpt":{"rendered":"<p>Identificador de l\u00ednea nature fabricado en corcho natural, para as\u00ed fomentar la utilizaci\u00f3n de materias primas naturales y reducir las<\/p>","protected":false},"featured_media":81466,"comment_status":"open","ping_status":"open","template":"","meta":{"inline_featured_image":false},"product_brand":[],"product_cat":[122,113,96,105],"product_tag":[],"class_list":{"0":"post-38813","1":"product","2":"type-product","3":"status-publish","4":"has-post-thumbnail","6":"product_cat-articulos-sostenibles","7":"product_cat-eventos-y-fiesta","8":"product_cat-oficina-y-negocios","9":"product_cat-vino-accesorios-de-bebida-y-hosteleria","11":"first","12":"instock","13":"taxable","14":"shipping-taxable","15":"purchasable","16":"product-type-variable","17":"has-default-attributes"},"aioseo_notices":[],"_links":{"self":[{"href":"https:\/\/imprimeideas.es\/en\/wp-json\/wp\/v2\/product\/38813","targetHints":{"allow":["GET"]}}],"collection":[{"href":"https:\/\/imprimeideas.es\/en\/wp-json\/wp\/v2\/product"}],"about":[{"href":"https:\/\/imprimeideas.es\/en\/wp-json\/wp\/v2\/types\/product"}],"replies":[{"embeddable":true,"href":"https:\/\/imprimeideas.es\/en\/wp-json\/wp\/v2\/comments?post=38813"}],"version-history":[{"count":1,"href":"https:\/\/imprimeideas.es\/en\/wp-json\/wp\/v2\/product\/38813\/revisions"}],"predecessor-version":[{"id":60658,"href":"https:\/\/imprimeideas.es\/en\/wp-json\/wp\/v2\/product\/38813\/revisions\/60658"}],"wp:featuredmedia":[{"embeddable":true,"href":"https:\/\/imprimeideas.es\/en\/wp-json\/wp\/v2\/media\/81466"}],"wp:attachment":[{"href":"https:\/\/imprimeideas.es\/en\/wp-json\/wp\/v2\/media?parent=38813"}],"wp:term":[{"taxonomy":"product_brand","embeddable":true,"href":"https:\/\/imprimeideas.es\/en\/wp-json\/wp\/v2\/product_brand?post=38813"},{"taxonomy":"product_cat","embeddable":true,"href":"https:\/\/imprimeideas.es\/en\/wp-json\/wp\/v2\/product_cat?post=38813"},{"taxonomy":"product_tag","embeddable":true,"href":"https:\/\/imprimeideas.es\/en\/wp-json\/wp\/v2\/product_tag?post=38813"}],"curies":[{"name":"wp","href":"https:\/\/api.w.org\/{rel}","templated":true}]}}