{"id":38811,"date":"2026-02-24T11:17:23","date_gmt":"2026-02-24T10:17:23","guid":{"rendered":"https:\/\/imprimeideas.es\/?post_type=product&p=38811"},"modified":"2026-02-26T18:19:30","modified_gmt":"2026-02-26T17:19:30","slug":"delantal-rober","status":"publish","type":"product","link":"https:\/\/imprimeideas.es\/en\/product\/delantal-rober\/","title":{"rendered":"Delantal Rober"},"content":{"rendered":"<p>Delantal de alta calidad en resistente tela de acabado denim. De corte por debajo de la rodilla, con cinta de cuello ajustable por bot\u00f3n, cintas para la cintura en color marr\u00f3n, reforzadas. Incluye multitud de bolsillos para llevar c\u00f3modamente los distintos utensilios, con costuras reforzadas y remaches met\u00e1licos.<\/p>","protected":false},"excerpt":{"rendered":"<p>Delantal de alta calidad en resistente tela de acabado denim. De corte por debajo de la rodilla, con cinta de<\/p>","protected":false},"featured_media":71246,"comment_status":"open","ping_status":"open","template":"","meta":{"inline_featured_image":false},"product_brand":[],"product_cat":[122,104,105],"product_tag":[],"class_list":{"0":"post-38811","1":"product","2":"type-product","3":"status-publish","4":"has-post-thumbnail","6":"product_cat-articulos-sostenibles","7":"product_cat-hogar-y-decoracion","8":"product_cat-vino-accesorios-de-bebida-y-hosteleria","10":"first","11":"instock","12":"taxable","13":"shipping-taxable","14":"purchasable","15":"product-type-variable","16":"has-default-attributes"},"aioseo_notices":[],"_links":{"self":[{"href":"https:\/\/imprimeideas.es\/en\/wp-json\/wp\/v2\/product\/38811","targetHints":{"allow":["GET"]}}],"collection":[{"href":"https:\/\/imprimeideas.es\/en\/wp-json\/wp\/v2\/product"}],"about":[{"href":"https:\/\/imprimeideas.es\/en\/wp-json\/wp\/v2\/types\/product"}],"replies":[{"embeddable":true,"href":"https:\/\/imprimeideas.es\/en\/wp-json\/wp\/v2\/comments?post=38811"}],"version-history":[{"count":1,"href":"https:\/\/imprimeideas.es\/en\/wp-json\/wp\/v2\/product\/38811\/revisions"}],"predecessor-version":[{"id":60657,"href":"https:\/\/imprimeideas.es\/en\/wp-json\/wp\/v2\/product\/38811\/revisions\/60657"}],"wp:featuredmedia":[{"embeddable":true,"href":"https:\/\/imprimeideas.es\/en\/wp-json\/wp\/v2\/media\/71246"}],"wp:attachment":[{"href":"https:\/\/imprimeideas.es\/en\/wp-json\/wp\/v2\/media?parent=38811"}],"wp:term":[{"taxonomy":"product_brand","embeddable":true,"href":"https:\/\/imprimeideas.es\/en\/wp-json\/wp\/v2\/product_brand?post=38811"},{"taxonomy":"product_cat","embeddable":true,"href":"https:\/\/imprimeideas.es\/en\/wp-json\/wp\/v2\/product_cat?post=38811"},{"taxonomy":"product_tag","embeddable":true,"href":"https:\/\/imprimeideas.es\/en\/wp-json\/wp\/v2\/product_tag?post=38811"}],"curies":[{"name":"wp","href":"https:\/\/api.w.org\/{rel}","templated":true}]}}