{"id":38804,"date":"2026-02-24T11:17:22","date_gmt":"2026-02-24T10:17:22","guid":{"rendered":"https:\/\/imprimeideas.es\/?post_type=product&p=38804"},"modified":"2026-02-26T18:08:10","modified_gmt":"2026-02-26T17:08:10","slug":"set-quesos-pomel","status":"publish","type":"product","link":"https:\/\/imprimeideas.es\/en\/product\/set-quesos-pomel\/","title":{"rendered":"Set Quesos Pomel"},"content":{"rendered":"<p>Completo set de quesos de 4 piezas. Con tabla de corte y presentaci\u00f3n fabricada en pizarra y utensilios en acero inox y mango de bamb\u00fa. Tabla de pizarra extra\u00edble para f\u00e1cil limpieza. Presentado en estuche individual troquelado de bamb\u00fa y atractiva caja individual de dise\u00f1o eco.<\/p>","protected":false},"excerpt":{"rendered":"<p>5 Piezas. Tabla Pizarra Incluida<\/p>","protected":false},"featured_media":82182,"comment_status":"open","ping_status":"open","template":"","meta":{"inline_featured_image":false},"product_brand":[],"product_cat":[122,104,106,105],"product_tag":[],"class_list":{"0":"post-38804","1":"product","2":"type-product","3":"status-publish","4":"has-post-thumbnail","6":"product_cat-articulos-sostenibles","7":"product_cat-hogar-y-decoracion","8":"product_cat-regalos-y-premiums","9":"product_cat-vino-accesorios-de-bebida-y-hosteleria","11":"first","12":"outofstock","13":"taxable","14":"shipping-taxable","15":"purchasable","16":"product-type-variable","17":"has-default-attributes"},"aioseo_notices":[],"_links":{"self":[{"href":"https:\/\/imprimeideas.es\/en\/wp-json\/wp\/v2\/product\/38804","targetHints":{"allow":["GET"]}}],"collection":[{"href":"https:\/\/imprimeideas.es\/en\/wp-json\/wp\/v2\/product"}],"about":[{"href":"https:\/\/imprimeideas.es\/en\/wp-json\/wp\/v2\/types\/product"}],"replies":[{"embeddable":true,"href":"https:\/\/imprimeideas.es\/en\/wp-json\/wp\/v2\/comments?post=38804"}],"version-history":[{"count":1,"href":"https:\/\/imprimeideas.es\/en\/wp-json\/wp\/v2\/product\/38804\/revisions"}],"predecessor-version":[{"id":60654,"href":"https:\/\/imprimeideas.es\/en\/wp-json\/wp\/v2\/product\/38804\/revisions\/60654"}],"wp:featuredmedia":[{"embeddable":true,"href":"https:\/\/imprimeideas.es\/en\/wp-json\/wp\/v2\/media\/82182"}],"wp:attachment":[{"href":"https:\/\/imprimeideas.es\/en\/wp-json\/wp\/v2\/media?parent=38804"}],"wp:term":[{"taxonomy":"product_brand","embeddable":true,"href":"https:\/\/imprimeideas.es\/en\/wp-json\/wp\/v2\/product_brand?post=38804"},{"taxonomy":"product_cat","embeddable":true,"href":"https:\/\/imprimeideas.es\/en\/wp-json\/wp\/v2\/product_cat?post=38804"},{"taxonomy":"product_tag","embeddable":true,"href":"https:\/\/imprimeideas.es\/en\/wp-json\/wp\/v2\/product_tag?post=38804"}],"curies":[{"name":"wp","href":"https:\/\/api.w.org\/{rel}","templated":true}]}}