{"id":38802,"date":"2026-02-24T11:17:22","date_gmt":"2026-02-24T10:17:22","guid":{"rendered":"https:\/\/imprimeideas.es\/?post_type=product&p=38802"},"modified":"2026-02-26T18:19:25","modified_gmt":"2026-02-26T17:19:25","slug":"boligrafo-zircon","status":"publish","type":"product","link":"https:\/\/imprimeideas.es\/en\/product\/boligrafo-zircon\/","title":{"rendered":"Bol\u00edgrafo Zircon"},"content":{"rendered":"<p>Bol\u00edgrafo de l\u00ednea nature y mecanismo pulsador. Cuerpo troquelado fabricado con extractos de piedra natural, ayudando a la reducci\u00f3n del uso de pl\u00e1sticos, adem\u00e1s de proporcionar un acabado suave y resistente. En color blanco y con distintivo natural stone en la parte superior, de cartucho jumbo y en tinta azul.<\/p>","protected":false},"excerpt":{"rendered":"<p>Carga Jumbo<\/p>","protected":false},"featured_media":76925,"comment_status":"open","ping_status":"open","template":"","meta":{"inline_featured_image":false},"product_brand":[],"product_cat":[122,100],"product_tag":[],"class_list":{"0":"post-38802","1":"product","2":"type-product","3":"status-publish","4":"has-post-thumbnail","6":"product_cat-articulos-sostenibles","7":"product_cat-escritura","9":"first","10":"instock","11":"taxable","12":"shipping-taxable","13":"purchasable","14":"product-type-variable","15":"has-default-attributes"},"aioseo_notices":[],"_links":{"self":[{"href":"https:\/\/imprimeideas.es\/en\/wp-json\/wp\/v2\/product\/38802","targetHints":{"allow":["GET"]}}],"collection":[{"href":"https:\/\/imprimeideas.es\/en\/wp-json\/wp\/v2\/product"}],"about":[{"href":"https:\/\/imprimeideas.es\/en\/wp-json\/wp\/v2\/types\/product"}],"replies":[{"embeddable":true,"href":"https:\/\/imprimeideas.es\/en\/wp-json\/wp\/v2\/comments?post=38802"}],"version-history":[{"count":1,"href":"https:\/\/imprimeideas.es\/en\/wp-json\/wp\/v2\/product\/38802\/revisions"}],"predecessor-version":[{"id":60653,"href":"https:\/\/imprimeideas.es\/en\/wp-json\/wp\/v2\/product\/38802\/revisions\/60653"}],"wp:featuredmedia":[{"embeddable":true,"href":"https:\/\/imprimeideas.es\/en\/wp-json\/wp\/v2\/media\/76925"}],"wp:attachment":[{"href":"https:\/\/imprimeideas.es\/en\/wp-json\/wp\/v2\/media?parent=38802"}],"wp:term":[{"taxonomy":"product_brand","embeddable":true,"href":"https:\/\/imprimeideas.es\/en\/wp-json\/wp\/v2\/product_brand?post=38802"},{"taxonomy":"product_cat","embeddable":true,"href":"https:\/\/imprimeideas.es\/en\/wp-json\/wp\/v2\/product_cat?post=38802"},{"taxonomy":"product_tag","embeddable":true,"href":"https:\/\/imprimeideas.es\/en\/wp-json\/wp\/v2\/product_tag?post=38802"}],"curies":[{"name":"wp","href":"https:\/\/api.w.org\/{rel}","templated":true}]}}