{"id":38800,"date":"2026-02-24T11:17:22","date_gmt":"2026-02-24T10:17:22","guid":{"rendered":"https:\/\/imprimeideas.es\/?post_type=product&p=38800"},"modified":"2026-02-26T18:28:03","modified_gmt":"2026-02-26T17:28:03","slug":"organizador-soporte-tronser","status":"publish","type":"product","link":"https:\/\/imprimeideas.es\/en\/product\/organizador-soporte-tronser\/","title":{"rendered":"Organizador Soporte Tronser"},"content":{"rendered":"<p>Elegante y pr\u00e1ctico organizador con soporte imantado, ideal para facilitar el trabajo o uso de port\u00e1til en cualquier lugar o espacio. Fabricado en resistente poli\u00e9ster gris jaspeado con detalles en polipiel de color negro. Incluye soporte para bol\u00edgrafo y smartphone, con 4 bolsillos el\u00e1sticos para el almacenamiento de diferentes gadgets.<\/p>","protected":false},"excerpt":{"rendered":"<p>Elegante y pr\u00e1ctico organizador con soporte imantado, ideal para facilitar el trabajo o uso de port\u00e1til en cualquier lugar o<\/p>","protected":false},"featured_media":85591,"comment_status":"open","ping_status":"open","template":"","meta":{"inline_featured_image":false},"product_brand":[],"product_cat":[96],"product_tag":[],"class_list":{"0":"post-38800","1":"product","2":"type-product","3":"status-publish","4":"has-post-thumbnail","6":"product_cat-oficina-y-negocios","8":"first","9":"instock","10":"taxable","11":"shipping-taxable","12":"purchasable","13":"product-type-variable","14":"has-default-attributes"},"aioseo_notices":[],"_links":{"self":[{"href":"https:\/\/imprimeideas.es\/en\/wp-json\/wp\/v2\/product\/38800","targetHints":{"allow":["GET"]}}],"collection":[{"href":"https:\/\/imprimeideas.es\/en\/wp-json\/wp\/v2\/product"}],"about":[{"href":"https:\/\/imprimeideas.es\/en\/wp-json\/wp\/v2\/types\/product"}],"replies":[{"embeddable":true,"href":"https:\/\/imprimeideas.es\/en\/wp-json\/wp\/v2\/comments?post=38800"}],"version-history":[{"count":1,"href":"https:\/\/imprimeideas.es\/en\/wp-json\/wp\/v2\/product\/38800\/revisions"}],"predecessor-version":[{"id":60652,"href":"https:\/\/imprimeideas.es\/en\/wp-json\/wp\/v2\/product\/38800\/revisions\/60652"}],"wp:featuredmedia":[{"embeddable":true,"href":"https:\/\/imprimeideas.es\/en\/wp-json\/wp\/v2\/media\/85591"}],"wp:attachment":[{"href":"https:\/\/imprimeideas.es\/en\/wp-json\/wp\/v2\/media?parent=38800"}],"wp:term":[{"taxonomy":"product_brand","embeddable":true,"href":"https:\/\/imprimeideas.es\/en\/wp-json\/wp\/v2\/product_brand?post=38800"},{"taxonomy":"product_cat","embeddable":true,"href":"https:\/\/imprimeideas.es\/en\/wp-json\/wp\/v2\/product_cat?post=38800"},{"taxonomy":"product_tag","embeddable":true,"href":"https:\/\/imprimeideas.es\/en\/wp-json\/wp\/v2\/product_tag?post=38800"}],"curies":[{"name":"wp","href":"https:\/\/api.w.org\/{rel}","templated":true}]}}