{"id":38798,"date":"2026-02-24T11:17:21","date_gmt":"2026-02-24T10:17:21","guid":{"rendered":"https:\/\/imprimeideas.es\/?post_type=product&p=38798"},"modified":"2026-02-26T18:19:10","modified_gmt":"2026-02-26T17:19:10","slug":"estuche-reiton","status":"publish","type":"product","link":"https:\/\/imprimeideas.es\/en\/product\/estuche-reiton\/","title":{"rendered":"Estuche Reiton"},"content":{"rendered":"<p>Estuche de l\u00ednea nature en combinaci\u00f3n de corcho natural y algod\u00f3n crudo. Con cierre de cremallera y tirador en algod\u00f3n a juego. Presentaci\u00f3n individual en bolsa de material reciclado.<\/p>","protected":false},"excerpt":{"rendered":"<p>Estuche de l\u00ednea nature en combinaci\u00f3n de corcho natural y algod\u00f3n crudo. Con cierre de cremallera y tirador en algod\u00f3n<\/p>","protected":false},"featured_media":72232,"comment_status":"open","ping_status":"open","template":"","meta":{"inline_featured_image":false},"product_brand":[],"product_cat":[122,100],"product_tag":[],"class_list":{"0":"post-38798","1":"product","2":"type-product","3":"status-publish","4":"has-post-thumbnail","6":"product_cat-articulos-sostenibles","7":"product_cat-escritura","9":"first","10":"instock","11":"taxable","12":"shipping-taxable","13":"purchasable","14":"product-type-variable","15":"has-default-attributes"},"aioseo_notices":[],"_links":{"self":[{"href":"https:\/\/imprimeideas.es\/en\/wp-json\/wp\/v2\/product\/38798","targetHints":{"allow":["GET"]}}],"collection":[{"href":"https:\/\/imprimeideas.es\/en\/wp-json\/wp\/v2\/product"}],"about":[{"href":"https:\/\/imprimeideas.es\/en\/wp-json\/wp\/v2\/types\/product"}],"replies":[{"embeddable":true,"href":"https:\/\/imprimeideas.es\/en\/wp-json\/wp\/v2\/comments?post=38798"}],"version-history":[{"count":1,"href":"https:\/\/imprimeideas.es\/en\/wp-json\/wp\/v2\/product\/38798\/revisions"}],"predecessor-version":[{"id":60651,"href":"https:\/\/imprimeideas.es\/en\/wp-json\/wp\/v2\/product\/38798\/revisions\/60651"}],"wp:featuredmedia":[{"embeddable":true,"href":"https:\/\/imprimeideas.es\/en\/wp-json\/wp\/v2\/media\/72232"}],"wp:attachment":[{"href":"https:\/\/imprimeideas.es\/en\/wp-json\/wp\/v2\/media?parent=38798"}],"wp:term":[{"taxonomy":"product_brand","embeddable":true,"href":"https:\/\/imprimeideas.es\/en\/wp-json\/wp\/v2\/product_brand?post=38798"},{"taxonomy":"product_cat","embeddable":true,"href":"https:\/\/imprimeideas.es\/en\/wp-json\/wp\/v2\/product_cat?post=38798"},{"taxonomy":"product_tag","embeddable":true,"href":"https:\/\/imprimeideas.es\/en\/wp-json\/wp\/v2\/product_tag?post=38798"}],"curies":[{"name":"wp","href":"https:\/\/api.w.org\/{rel}","templated":true}]}}