{"id":38796,"date":"2026-02-24T11:17:21","date_gmt":"2026-02-24T10:17:21","guid":{"rendered":"https:\/\/imprimeideas.es\/?post_type=product&p=38796"},"modified":"2026-02-26T18:33:01","modified_gmt":"2026-02-26T17:33:01","slug":"estuche-palermo","status":"publish","type":"product","link":"https:\/\/imprimeideas.es\/en\/product\/estuche-palermo\/","title":{"rendered":"Estuche Palermo"},"content":{"rendered":"<p>Estuche de l\u00ednea nature fabricado en madera, con cinta el\u00e1stica de cierre. 5 accesorios incluidos: 1 x bol\u00edgrafo de mecanismo pulsador en cart\u00f3n reciclado, con accesorios en ca\u00f1a de trigo y tinta azul. Distintivo ca\u00f1a de trigo en la parte superior del bol\u00edgrafo. 1 x l\u00e1piz de madera de 177 mm de largo x 7mm de di\u00e1metro (punta sin afilar) 1 x regla de madera de 15 cm \/ 6 pulgadas 1 x sacapuntas de madera 1 x goma blanca<\/p>","protected":false},"excerpt":{"rendered":"<p>5 Piezas<\/p>","protected":false},"featured_media":77673,"comment_status":"open","ping_status":"open","template":"","meta":{"inline_featured_image":false},"product_brand":[],"product_cat":[122,100],"product_tag":[],"class_list":{"0":"post-38796","1":"product","2":"type-product","3":"status-publish","4":"has-post-thumbnail","6":"product_cat-articulos-sostenibles","7":"product_cat-escritura","9":"first","10":"instock","11":"taxable","12":"shipping-taxable","13":"purchasable","14":"product-type-variable","15":"has-default-attributes"},"aioseo_notices":[],"_links":{"self":[{"href":"https:\/\/imprimeideas.es\/en\/wp-json\/wp\/v2\/product\/38796","targetHints":{"allow":["GET"]}}],"collection":[{"href":"https:\/\/imprimeideas.es\/en\/wp-json\/wp\/v2\/product"}],"about":[{"href":"https:\/\/imprimeideas.es\/en\/wp-json\/wp\/v2\/types\/product"}],"replies":[{"embeddable":true,"href":"https:\/\/imprimeideas.es\/en\/wp-json\/wp\/v2\/comments?post=38796"}],"version-history":[{"count":1,"href":"https:\/\/imprimeideas.es\/en\/wp-json\/wp\/v2\/product\/38796\/revisions"}],"predecessor-version":[{"id":60650,"href":"https:\/\/imprimeideas.es\/en\/wp-json\/wp\/v2\/product\/38796\/revisions\/60650"}],"wp:featuredmedia":[{"embeddable":true,"href":"https:\/\/imprimeideas.es\/en\/wp-json\/wp\/v2\/media\/77673"}],"wp:attachment":[{"href":"https:\/\/imprimeideas.es\/en\/wp-json\/wp\/v2\/media?parent=38796"}],"wp:term":[{"taxonomy":"product_brand","embeddable":true,"href":"https:\/\/imprimeideas.es\/en\/wp-json\/wp\/v2\/product_brand?post=38796"},{"taxonomy":"product_cat","embeddable":true,"href":"https:\/\/imprimeideas.es\/en\/wp-json\/wp\/v2\/product_cat?post=38796"},{"taxonomy":"product_tag","embeddable":true,"href":"https:\/\/imprimeideas.es\/en\/wp-json\/wp\/v2\/product_tag?post=38796"}],"curies":[{"name":"wp","href":"https:\/\/api.w.org\/{rel}","templated":true}]}}