{"id":38784,"date":"2026-02-24T11:17:20","date_gmt":"2026-02-24T10:17:20","guid":{"rendered":"https:\/\/imprimeideas.es\/?post_type=product&p=38784"},"modified":"2026-02-26T18:08:24","modified_gmt":"2026-02-26T17:08:24","slug":"boligrafo-puntero-zabox","status":"publish","type":"product","link":"https:\/\/imprimeideas.es\/en\/product\/boligrafo-puntero-zabox\/","title":{"rendered":"Bol\u00edgrafo Puntero Zabox"},"content":{"rendered":"<p>Bol\u00edgrafo puntero de l\u00ednea nature y mecanismo pulsador. De elegante dise\u00f1o, con cuerpo en aluminio de acabado mate y empu\u00f1adura en bamb\u00fa, con accesorios en acabado mate. Clip met\u00e1lico y anilla transparente, en tinta azul. Disponible en variada gama de colores.<\/p>","protected":false},"excerpt":{"rendered":"<p>Bol\u00edgrafo puntero de l\u00ednea nature y mecanismo pulsador. De elegante dise\u00f1o, con cuerpo en aluminio de acabado mate y empu\u00f1adura<\/p>","protected":false},"featured_media":39216,"comment_status":"open","ping_status":"open","template":"","meta":{"inline_featured_image":false},"product_brand":[],"product_cat":[122,100],"product_tag":[],"class_list":{"0":"post-38784","1":"product","2":"type-product","3":"status-publish","4":"has-post-thumbnail","6":"product_cat-articulos-sostenibles","7":"product_cat-escritura","9":"first","10":"instock","11":"taxable","12":"shipping-taxable","13":"purchasable","14":"product-type-variable","15":"has-default-attributes"},"aioseo_notices":[],"_links":{"self":[{"href":"https:\/\/imprimeideas.es\/en\/wp-json\/wp\/v2\/product\/38784","targetHints":{"allow":["GET"]}}],"collection":[{"href":"https:\/\/imprimeideas.es\/en\/wp-json\/wp\/v2\/product"}],"about":[{"href":"https:\/\/imprimeideas.es\/en\/wp-json\/wp\/v2\/types\/product"}],"replies":[{"embeddable":true,"href":"https:\/\/imprimeideas.es\/en\/wp-json\/wp\/v2\/comments?post=38784"}],"version-history":[{"count":1,"href":"https:\/\/imprimeideas.es\/en\/wp-json\/wp\/v2\/product\/38784\/revisions"}],"predecessor-version":[{"id":60647,"href":"https:\/\/imprimeideas.es\/en\/wp-json\/wp\/v2\/product\/38784\/revisions\/60647"}],"wp:featuredmedia":[{"embeddable":true,"href":"https:\/\/imprimeideas.es\/en\/wp-json\/wp\/v2\/media\/39216"}],"wp:attachment":[{"href":"https:\/\/imprimeideas.es\/en\/wp-json\/wp\/v2\/media?parent=38784"}],"wp:term":[{"taxonomy":"product_brand","embeddable":true,"href":"https:\/\/imprimeideas.es\/en\/wp-json\/wp\/v2\/product_brand?post=38784"},{"taxonomy":"product_cat","embeddable":true,"href":"https:\/\/imprimeideas.es\/en\/wp-json\/wp\/v2\/product_cat?post=38784"},{"taxonomy":"product_tag","embeddable":true,"href":"https:\/\/imprimeideas.es\/en\/wp-json\/wp\/v2\/product_tag?post=38784"}],"curies":[{"name":"wp","href":"https:\/\/api.w.org\/{rel}","templated":true}]}}