{"id":38779,"date":"2026-02-24T11:17:20","date_gmt":"2026-02-24T10:17:20","guid":{"rendered":"https:\/\/imprimeideas.es\/?post_type=product&p=38779"},"modified":"2026-02-26T18:32:49","modified_gmt":"2026-02-26T17:32:49","slug":"manta-karovix","status":"publish","type":"product","link":"https:\/\/imprimeideas.es\/en\/product\/manta-karovix\/","title":{"rendered":"Manta Karovix"},"content":{"rendered":"<p>Suave y c\u00e1lida manta en combinaci\u00f3n de materiales coral fleece y sherpa de 440g\/m2. En elegante dise\u00f1o bicolor, tama\u00f1o 125x160cm. Presentaci\u00f3n individual con cinta a juego y l\u00e1mina de cart\u00f3n reciclado para f\u00e1cil impresi\u00f3n.<\/p>","protected":false},"excerpt":{"rendered":"<p>Suave y c\u00e1lida manta en combinaci\u00f3n de materiales coral fleece y sherpa de 440g\/m2. En elegante dise\u00f1o bicolor, tama\u00f1o 125x160cm.<\/p>","protected":false},"featured_media":84190,"comment_status":"open","ping_status":"open","template":"","meta":{"inline_featured_image":false},"product_brand":[],"product_cat":[104,118],"product_tag":[],"class_list":{"0":"post-38779","1":"product","2":"type-product","3":"status-publish","4":"has-post-thumbnail","6":"product_cat-hogar-y-decoracion","7":"product_cat-lluvia-y-frio","9":"first","10":"instock","11":"taxable","12":"shipping-taxable","13":"purchasable","14":"product-type-variable","15":"has-default-attributes"},"aioseo_notices":[],"_links":{"self":[{"href":"https:\/\/imprimeideas.es\/en\/wp-json\/wp\/v2\/product\/38779","targetHints":{"allow":["GET"]}}],"collection":[{"href":"https:\/\/imprimeideas.es\/en\/wp-json\/wp\/v2\/product"}],"about":[{"href":"https:\/\/imprimeideas.es\/en\/wp-json\/wp\/v2\/types\/product"}],"replies":[{"embeddable":true,"href":"https:\/\/imprimeideas.es\/en\/wp-json\/wp\/v2\/comments?post=38779"}],"version-history":[{"count":1,"href":"https:\/\/imprimeideas.es\/en\/wp-json\/wp\/v2\/product\/38779\/revisions"}],"predecessor-version":[{"id":60645,"href":"https:\/\/imprimeideas.es\/en\/wp-json\/wp\/v2\/product\/38779\/revisions\/60645"}],"wp:featuredmedia":[{"embeddable":true,"href":"https:\/\/imprimeideas.es\/en\/wp-json\/wp\/v2\/media\/84190"}],"wp:attachment":[{"href":"https:\/\/imprimeideas.es\/en\/wp-json\/wp\/v2\/media?parent=38779"}],"wp:term":[{"taxonomy":"product_brand","embeddable":true,"href":"https:\/\/imprimeideas.es\/en\/wp-json\/wp\/v2\/product_brand?post=38779"},{"taxonomy":"product_cat","embeddable":true,"href":"https:\/\/imprimeideas.es\/en\/wp-json\/wp\/v2\/product_cat?post=38779"},{"taxonomy":"product_tag","embeddable":true,"href":"https:\/\/imprimeideas.es\/en\/wp-json\/wp\/v2\/product_tag?post=38779"}],"curies":[{"name":"wp","href":"https:\/\/api.w.org\/{rel}","templated":true}]}}