{"id":38768,"date":"2026-02-24T11:17:19","date_gmt":"2026-02-24T10:17:19","guid":{"rendered":"https:\/\/imprimeideas.es\/?post_type=product&p=38768"},"modified":"2026-02-26T18:33:06","modified_gmt":"2026-02-26T17:33:06","slug":"gorro-daison","status":"publish","type":"product","link":"https:\/\/imprimeideas.es\/en\/product\/gorro-daison\/","title":{"rendered":"Gorro Daison"},"content":{"rendered":"<p>Confortable y c\u00e1lido gorro de l\u00ednea nature. Fabricado en algod\u00f3n org\u00e1nico de alta calidad -400g\/m2-, cultivado usando m\u00e9todos sostenibles para el medio ambiente. La no utilizaci\u00f3n de insecticidas, fertilizantes u otros productos qu\u00edmicos en el proceso de hilado y producci\u00f3n da como resultado un tejido c\u00f3modo, 100% derivado de plantas e hipoalerg\u00e9nico, con alto grado de sostenibilidad en la cadena de suministro.Disponible en variada gama de colores, con distintivo algod\u00f3n org\u00e1nico en etiqueta exterior. Presentaci\u00f3n individual en bolsa de material reciclado.<\/p>","protected":false},"excerpt":{"rendered":"<p>Confortable y c\u00e1lido gorro de l\u00ednea nature. Fabricado en algod\u00f3n org\u00e1nico de alta calidad -400g\/m2-, cultivado usando m\u00e9todos sostenibles para<\/p>","protected":false},"featured_media":85951,"comment_status":"open","ping_status":"open","template":"","meta":{"inline_featured_image":false},"product_brand":[],"product_cat":[122,112,118],"product_tag":[],"class_list":{"0":"post-38768","1":"product","2":"type-product","3":"status-publish","4":"has-post-thumbnail","6":"product_cat-articulos-sostenibles","7":"product_cat-gorras-y-sombreros","8":"product_cat-lluvia-y-frio","10":"first","11":"instock","12":"taxable","13":"shipping-taxable","14":"purchasable","15":"product-type-variable","16":"has-default-attributes"},"aioseo_notices":[],"_links":{"self":[{"href":"https:\/\/imprimeideas.es\/en\/wp-json\/wp\/v2\/product\/38768","targetHints":{"allow":["GET"]}}],"collection":[{"href":"https:\/\/imprimeideas.es\/en\/wp-json\/wp\/v2\/product"}],"about":[{"href":"https:\/\/imprimeideas.es\/en\/wp-json\/wp\/v2\/types\/product"}],"replies":[{"embeddable":true,"href":"https:\/\/imprimeideas.es\/en\/wp-json\/wp\/v2\/comments?post=38768"}],"version-history":[{"count":1,"href":"https:\/\/imprimeideas.es\/en\/wp-json\/wp\/v2\/product\/38768\/revisions"}],"predecessor-version":[{"id":60643,"href":"https:\/\/imprimeideas.es\/en\/wp-json\/wp\/v2\/product\/38768\/revisions\/60643"}],"wp:featuredmedia":[{"embeddable":true,"href":"https:\/\/imprimeideas.es\/en\/wp-json\/wp\/v2\/media\/85951"}],"wp:attachment":[{"href":"https:\/\/imprimeideas.es\/en\/wp-json\/wp\/v2\/media?parent=38768"}],"wp:term":[{"taxonomy":"product_brand","embeddable":true,"href":"https:\/\/imprimeideas.es\/en\/wp-json\/wp\/v2\/product_brand?post=38768"},{"taxonomy":"product_cat","embeddable":true,"href":"https:\/\/imprimeideas.es\/en\/wp-json\/wp\/v2\/product_cat?post=38768"},{"taxonomy":"product_tag","embeddable":true,"href":"https:\/\/imprimeideas.es\/en\/wp-json\/wp\/v2\/product_tag?post=38768"}],"curies":[{"name":"wp","href":"https:\/\/api.w.org\/{rel}","templated":true}]}}