{"id":38757,"date":"2026-02-24T11:17:18","date_gmt":"2026-02-24T10:17:18","guid":{"rendered":"https:\/\/imprimeideas.es\/?post_type=product&p=38757"},"modified":"2026-02-26T18:42:35","modified_gmt":"2026-02-26T17:42:35","slug":"lapicero-multifuncion-sondur","status":"publish","type":"product","link":"https:\/\/imprimeideas.es\/en\/product\/lapicero-multifuncion-sondur\/","title":{"rendered":"Lapicero Multifunci\u00f3n Sondur"},"content":{"rendered":"<p>Lapicero multifunci\u00f3n 4 en 1 de l\u00ednea nature fabricado en cart\u00f3n reciclado, contribuyendo a la conservaci\u00f3n de los bosques y reduciendo considerablemente la huella de carbono. Con funciones lapicero, soporte para smartphone, cargador inal\u00e1mbrico y puerto USB (2xUSB 2.0). Dise\u00f1o plegable con ajuste magn\u00e9tico. Compatible con smartphones con tecnolog\u00eda de carga inal\u00e1mbrica. Incluye cable micro USB en color blanco de 1 metro de largo. Presentado en atractiva caja de dise\u00f1o eco, con manual de instrucciones en espa\u00f1ol e ingl\u00e9s.<\/p>","protected":false},"excerpt":{"rendered":"<p>Cargador Inal\u00e1mbrico 5W. 2 Puertos. USB 2.0<\/p>","protected":false},"featured_media":61946,"comment_status":"open","ping_status":"open","template":"","meta":{"inline_featured_image":false},"product_brand":[],"product_cat":[122,96,95],"product_tag":[],"class_list":{"0":"post-38757","1":"product","2":"type-product","3":"status-publish","4":"has-post-thumbnail","6":"product_cat-articulos-sostenibles","7":"product_cat-oficina-y-negocios","8":"product_cat-tecnologia-y-accesorios","10":"first","11":"instock","12":"taxable","13":"shipping-taxable","14":"purchasable","15":"product-type-variable","16":"has-default-attributes"},"aioseo_notices":[],"_links":{"self":[{"href":"https:\/\/imprimeideas.es\/en\/wp-json\/wp\/v2\/product\/38757","targetHints":{"allow":["GET"]}}],"collection":[{"href":"https:\/\/imprimeideas.es\/en\/wp-json\/wp\/v2\/product"}],"about":[{"href":"https:\/\/imprimeideas.es\/en\/wp-json\/wp\/v2\/types\/product"}],"replies":[{"embeddable":true,"href":"https:\/\/imprimeideas.es\/en\/wp-json\/wp\/v2\/comments?post=38757"}],"version-history":[{"count":1,"href":"https:\/\/imprimeideas.es\/en\/wp-json\/wp\/v2\/product\/38757\/revisions"}],"predecessor-version":[{"id":60638,"href":"https:\/\/imprimeideas.es\/en\/wp-json\/wp\/v2\/product\/38757\/revisions\/60638"}],"wp:featuredmedia":[{"embeddable":true,"href":"https:\/\/imprimeideas.es\/en\/wp-json\/wp\/v2\/media\/61946"}],"wp:attachment":[{"href":"https:\/\/imprimeideas.es\/en\/wp-json\/wp\/v2\/media?parent=38757"}],"wp:term":[{"taxonomy":"product_brand","embeddable":true,"href":"https:\/\/imprimeideas.es\/en\/wp-json\/wp\/v2\/product_brand?post=38757"},{"taxonomy":"product_cat","embeddable":true,"href":"https:\/\/imprimeideas.es\/en\/wp-json\/wp\/v2\/product_cat?post=38757"},{"taxonomy":"product_tag","embeddable":true,"href":"https:\/\/imprimeideas.es\/en\/wp-json\/wp\/v2\/product_tag?post=38757"}],"curies":[{"name":"wp","href":"https:\/\/api.w.org\/{rel}","templated":true}]}}