{"id":38755,"date":"2026-02-24T11:17:18","date_gmt":"2026-02-24T10:17:18","guid":{"rendered":"https:\/\/imprimeideas.es\/?post_type=product&p=38755"},"modified":"2026-02-26T18:32:53","modified_gmt":"2026-02-26T17:32:53","slug":"auriculares-vinzer","status":"publish","type":"product","link":"https:\/\/imprimeideas.es\/en\/product\/auriculares-vinzer\/","title":{"rendered":"Auriculares Vinzer"},"content":{"rendered":"<p>Auriculares intraurales en elegante acabado blanco y conexi\u00f3n Bluetooth 5.0. Con panel de carga solar integrado en la tapa y pantalla LCD interior con indicador de estado de carga. De dise\u00f1o ergon\u00f3mico, incluyen bot\u00f3n de control integrado en el auricular, con base a juego. Funci\u00f3n manos libres y recargables con energ\u00eda solar o mediante cable micro USB -incluido-. Presentados en estuche individual premium con apertura de bisagra y en atractiva caja de dise\u00f1o, con manual de instrucciones en espa\u00f1ol e ingl\u00e9s.<\/p>","protected":false},"excerpt":{"rendered":"<p>Conexi\u00f3n Bluetooth. Carga Solar. Bater\u00eda 40 mAh\/ Base Carga 260 mAh<\/p>","protected":false},"featured_media":40177,"comment_status":"open","ping_status":"open","template":"","meta":{"inline_featured_image":false},"product_brand":[],"product_cat":[95],"product_tag":[],"class_list":{"0":"post-38755","1":"product","2":"type-product","3":"status-publish","4":"has-post-thumbnail","6":"product_cat-tecnologia-y-accesorios","8":"first","9":"instock","10":"taxable","11":"shipping-taxable","12":"purchasable","13":"product-type-variable","14":"has-default-attributes"},"aioseo_notices":[],"_links":{"self":[{"href":"https:\/\/imprimeideas.es\/en\/wp-json\/wp\/v2\/product\/38755","targetHints":{"allow":["GET"]}}],"collection":[{"href":"https:\/\/imprimeideas.es\/en\/wp-json\/wp\/v2\/product"}],"about":[{"href":"https:\/\/imprimeideas.es\/en\/wp-json\/wp\/v2\/types\/product"}],"replies":[{"embeddable":true,"href":"https:\/\/imprimeideas.es\/en\/wp-json\/wp\/v2\/comments?post=38755"}],"version-history":[{"count":1,"href":"https:\/\/imprimeideas.es\/en\/wp-json\/wp\/v2\/product\/38755\/revisions"}],"predecessor-version":[{"id":60637,"href":"https:\/\/imprimeideas.es\/en\/wp-json\/wp\/v2\/product\/38755\/revisions\/60637"}],"wp:featuredmedia":[{"embeddable":true,"href":"https:\/\/imprimeideas.es\/en\/wp-json\/wp\/v2\/media\/40177"}],"wp:attachment":[{"href":"https:\/\/imprimeideas.es\/en\/wp-json\/wp\/v2\/media?parent=38755"}],"wp:term":[{"taxonomy":"product_brand","embeddable":true,"href":"https:\/\/imprimeideas.es\/en\/wp-json\/wp\/v2\/product_brand?post=38755"},{"taxonomy":"product_cat","embeddable":true,"href":"https:\/\/imprimeideas.es\/en\/wp-json\/wp\/v2\/product_cat?post=38755"},{"taxonomy":"product_tag","embeddable":true,"href":"https:\/\/imprimeideas.es\/en\/wp-json\/wp\/v2\/product_tag?post=38755"}],"curies":[{"name":"wp","href":"https:\/\/api.w.org\/{rel}","templated":true}]}}