{"id":38753,"date":"2026-02-24T11:17:17","date_gmt":"2026-02-24T10:17:17","guid":{"rendered":"https:\/\/imprimeideas.es\/?post_type=product&p=38753"},"modified":"2026-02-26T18:37:27","modified_gmt":"2026-02-26T17:37:27","slug":"cable-cargador-rusell","status":"publish","type":"product","link":"https:\/\/imprimeideas.es\/en\/product\/cable-cargador-rusell\/","title":{"rendered":"Cable Cargador Rusell"},"content":{"rendered":"<p>Cargador llavero de l\u00ednea nature y dise\u00f1o compacto. Hecho en bamb\u00fa procedente de cortes naturales. Conexiones Tipo C (entrada y salida) y dual micro USB-Lightning, con sistema USB reversible que facilita la conexi\u00f3n a la fuente de alimentaci\u00f3n. Amplia superficie de marcaje. Presentado en bolsa individual autocierre de dise\u00f1o eco.<\/p>","protected":false},"excerpt":{"rendered":"<p>Conexi\u00f3n Micro USB, Tipo C y Lightning 5V DC 2.0A<\/p>","protected":false},"featured_media":73674,"comment_status":"open","ping_status":"open","template":"","meta":{"inline_featured_image":false},"product_brand":[],"product_cat":[122,95],"product_tag":[],"class_list":{"0":"post-38753","1":"product","2":"type-product","3":"status-publish","4":"has-post-thumbnail","6":"product_cat-articulos-sostenibles","7":"product_cat-tecnologia-y-accesorios","9":"first","10":"outofstock","11":"taxable","12":"shipping-taxable","13":"purchasable","14":"product-type-variable","15":"has-default-attributes"},"aioseo_notices":[],"_links":{"self":[{"href":"https:\/\/imprimeideas.es\/en\/wp-json\/wp\/v2\/product\/38753","targetHints":{"allow":["GET"]}}],"collection":[{"href":"https:\/\/imprimeideas.es\/en\/wp-json\/wp\/v2\/product"}],"about":[{"href":"https:\/\/imprimeideas.es\/en\/wp-json\/wp\/v2\/types\/product"}],"replies":[{"embeddable":true,"href":"https:\/\/imprimeideas.es\/en\/wp-json\/wp\/v2\/comments?post=38753"}],"version-history":[{"count":1,"href":"https:\/\/imprimeideas.es\/en\/wp-json\/wp\/v2\/product\/38753\/revisions"}],"predecessor-version":[{"id":60636,"href":"https:\/\/imprimeideas.es\/en\/wp-json\/wp\/v2\/product\/38753\/revisions\/60636"}],"wp:featuredmedia":[{"embeddable":true,"href":"https:\/\/imprimeideas.es\/en\/wp-json\/wp\/v2\/media\/73674"}],"wp:attachment":[{"href":"https:\/\/imprimeideas.es\/en\/wp-json\/wp\/v2\/media?parent=38753"}],"wp:term":[{"taxonomy":"product_brand","embeddable":true,"href":"https:\/\/imprimeideas.es\/en\/wp-json\/wp\/v2\/product_brand?post=38753"},{"taxonomy":"product_cat","embeddable":true,"href":"https:\/\/imprimeideas.es\/en\/wp-json\/wp\/v2\/product_cat?post=38753"},{"taxonomy":"product_tag","embeddable":true,"href":"https:\/\/imprimeideas.es\/en\/wp-json\/wp\/v2\/product_tag?post=38753"}],"curies":[{"name":"wp","href":"https:\/\/api.w.org\/{rel}","templated":true}]}}