{"id":38751,"date":"2026-02-24T11:17:17","date_gmt":"2026-02-24T10:17:17","guid":{"rendered":"https:\/\/imprimeideas.es\/?post_type=product&p=38751"},"modified":"2026-02-26T18:13:41","modified_gmt":"2026-02-26T17:13:41","slug":"cable-cargador-stuart","status":"publish","type":"product","link":"https:\/\/imprimeideas.es\/en\/product\/cable-cargador-stuart\/","title":{"rendered":"Cable Cargador Stuart"},"content":{"rendered":"<p>Cable cargador USB de l\u00ednea nature, fabricado en corcho natural y con accesorios en ca\u00f1a de trigo, para as\u00ed fomentar la utilizaci\u00f3n de materias primas naturales y reducir las emisiones contaminantes. Con conexiones USB, tipo C (entrada y salida) y dual micro USB-Lightning. Con accesorio para colgar y zona lisa para marcaje. Presentado en bolsa individual autocierre de dise\u00f1o eco.<\/p>","protected":false},"excerpt":{"rendered":"<p>Conexi\u00f3n Micro USB, Tipo C y Lightning 5V DC 2.0A<\/p>","protected":false},"featured_media":78882,"comment_status":"open","ping_status":"open","template":"","meta":{"inline_featured_image":false},"product_brand":[],"product_cat":[122,95],"product_tag":[],"class_list":{"0":"post-38751","1":"product","2":"type-product","3":"status-publish","4":"has-post-thumbnail","6":"product_cat-articulos-sostenibles","7":"product_cat-tecnologia-y-accesorios","9":"first","10":"instock","11":"taxable","12":"shipping-taxable","13":"purchasable","14":"product-type-variable","15":"has-default-attributes"},"aioseo_notices":[],"_links":{"self":[{"href":"https:\/\/imprimeideas.es\/en\/wp-json\/wp\/v2\/product\/38751","targetHints":{"allow":["GET"]}}],"collection":[{"href":"https:\/\/imprimeideas.es\/en\/wp-json\/wp\/v2\/product"}],"about":[{"href":"https:\/\/imprimeideas.es\/en\/wp-json\/wp\/v2\/types\/product"}],"replies":[{"embeddable":true,"href":"https:\/\/imprimeideas.es\/en\/wp-json\/wp\/v2\/comments?post=38751"}],"version-history":[{"count":1,"href":"https:\/\/imprimeideas.es\/en\/wp-json\/wp\/v2\/product\/38751\/revisions"}],"predecessor-version":[{"id":60635,"href":"https:\/\/imprimeideas.es\/en\/wp-json\/wp\/v2\/product\/38751\/revisions\/60635"}],"wp:featuredmedia":[{"embeddable":true,"href":"https:\/\/imprimeideas.es\/en\/wp-json\/wp\/v2\/media\/78882"}],"wp:attachment":[{"href":"https:\/\/imprimeideas.es\/en\/wp-json\/wp\/v2\/media?parent=38751"}],"wp:term":[{"taxonomy":"product_brand","embeddable":true,"href":"https:\/\/imprimeideas.es\/en\/wp-json\/wp\/v2\/product_brand?post=38751"},{"taxonomy":"product_cat","embeddable":true,"href":"https:\/\/imprimeideas.es\/en\/wp-json\/wp\/v2\/product_cat?post=38751"},{"taxonomy":"product_tag","embeddable":true,"href":"https:\/\/imprimeideas.es\/en\/wp-json\/wp\/v2\/product_tag?post=38751"}],"curies":[{"name":"wp","href":"https:\/\/api.w.org\/{rel}","templated":true}]}}